{"id":77,"date":"2025-08-13T13:38:40","date_gmt":"2025-08-13T11:38:40","guid":{"rendered":"https:\/\/www.laboratorios.galimplant.com\/?page_id=77"},"modified":"2025-10-01T11:59:56","modified_gmt":"2025-10-01T09:59:56","slug":"ourense","status":"publish","type":"page","link":"https:\/\/www.laboratorios.galimplant.com\/index.php\/ourense\/","title":{"rendered":"Ourense"},"content":{"rendered":"\t\t<div data-elementor-type=\"wp-page\" data-elementor-id=\"77\" class=\"elementor elementor-77\" data-elementor-post-type=\"page\">\n\t\t\t\t<div class=\"elementor-element elementor-element-652fb9b6 e-flex e-con-boxed e-con e-parent\" data-id=\"652fb9b6\" data-element_type=\"container\">\n\t\t\t\t\t<div class=\"e-con-inner\">\n\t\t\t\t<div class=\"elementor-element elementor-element-68e51006 elementor-widget elementor-widget-spacer\" data-id=\"68e51006\" data-element_type=\"widget\" data-widget_type=\"spacer.default\">\n\t\t\t\t\t\t\t<div class=\"elementor-spacer\">\n\t\t\t<div class=\"elementor-spacer-inner\"><\/div>\n\t\t<\/div>\n\t\t\t\t\t\t<\/div>\n\t\t\t\t\t<\/div>\n\t\t\t\t<\/div>\n\t\t\t\t<section class=\"elementor-section elementor-top-section elementor-element elementor-element-38afdf72 elementor-section-boxed elementor-section-height-default elementor-section-height-default\" data-id=\"38afdf72\" data-element_type=\"section\" data-settings=\"{&quot;background_background&quot;:&quot;classic&quot;}\">\n\t\t\t\t\t\t<div class=\"elementor-container elementor-column-gap-default\">\n\t\t\t\t\t<div class=\"elementor-column elementor-col-100 elementor-top-column elementor-element elementor-element-6e4fbde9\" data-id=\"6e4fbde9\" data-element_type=\"column\">\n\t\t\t<div class=\"elementor-widget-wrap elementor-element-populated\">\n\t\t\t\t\t\t<div class=\"elementor-element elementor-element-498b9e40 elementor-widget elementor-widget-heading\" data-id=\"498b9e40\" data-element_type=\"widget\" data-widget_type=\"heading.default\">\n\t\t\t\t\t<h1 class=\"elementor-heading-title elementor-size-default\">LABORATORIOS EN OURENSE<\/h1>\t\t\t\t<\/div>\n\t\t\t\t<div class=\"elementor-element elementor-element-28efe241 elementor-widget elementor-widget-text-editor\" data-id=\"28efe241\" data-element_type=\"widget\" data-widget_type=\"text-editor.default\">\n\t\t\t\t\t\t\t\t\t<p>Descubre nuestra red de laboratorios en la provincia de Ourense<\/p>\t\t\t\t\t\t\t\t<\/div>\n\t\t\t\t\t<\/div>\n\t\t<\/div>\n\t\t\t\t\t<\/div>\n\t\t<\/section>\n\t\t\t\t<section class=\"elementor-section elementor-top-section elementor-element elementor-element-7b36004b elementor-section-boxed elementor-section-height-default elementor-section-height-default\" data-id=\"7b36004b\" data-element_type=\"section\">\n\t\t\t\t\t\t<div class=\"elementor-container elementor-column-gap-default\">\n\t\t\t\t\t<div class=\"elementor-column elementor-col-100 elementor-top-column elementor-element elementor-element-3b0f7437\" data-id=\"3b0f7437\" data-element_type=\"column\">\n\t\t\t<div class=\"elementor-widget-wrap elementor-element-populated\">\n\t\t\t\t\t\t<div class=\"elementor-element elementor-element-6c3722e elementor-widget elementor-widget-spacer\" data-id=\"6c3722e\" data-element_type=\"widget\" data-widget_type=\"spacer.default\">\n\t\t\t\t\t\t\t<div class=\"elementor-spacer\">\n\t\t\t<div class=\"elementor-spacer-inner\"><\/div>\n\t\t<\/div>\n\t\t\t\t\t\t<\/div>\n\t\t\t\t\t<\/div>\n\t\t<\/div>\n\t\t\t\t\t<\/div>\n\t\t<\/section>\n\t\t\t\t<section class=\"elementor-section elementor-top-section elementor-element elementor-element-5caaaaf elementor-section-boxed elementor-section-height-default elementor-section-height-default\" data-id=\"5caaaaf\" data-element_type=\"section\">\n\t\t\t\t\t\t<div class=\"elementor-container elementor-column-gap-default\">\n\t\t\t\t\t<div class=\"elementor-column elementor-col-100 elementor-top-column elementor-element elementor-element-eacac34\" data-id=\"eacac34\" data-element_type=\"column\">\n\t\t\t<div class=\"elementor-widget-wrap elementor-element-populated\">\n\t\t\t\t\t\t<div class=\"elementor-element elementor-element-ec6abd4 elementor-widget elementor-widget-spacer\" data-id=\"ec6abd4\" data-element_type=\"widget\" data-widget_type=\"spacer.default\">\n\t\t\t\t\t\t\t<div class=\"elementor-spacer\">\n\t\t\t<div class=\"elementor-spacer-inner\"><\/div>\n\t\t<\/div>\n\t\t\t\t\t\t<\/div>\n\t\t\t\t\t<\/div>\n\t\t<\/div>\n\t\t\t\t\t<\/div>\n\t\t<\/section>\n\t\t\t\t<section class=\"elementor-section elementor-top-section elementor-element elementor-element-14b1a6cd elementor-section-boxed elementor-section-height-default elementor-section-height-default\" data-id=\"14b1a6cd\" data-element_type=\"section\">\n\t\t\t\t\t\t<div class=\"elementor-container elementor-column-gap-default\">\n\t\t\t\t\t<div class=\"elementor-column elementor-col-100 elementor-top-column elementor-element elementor-element-49c9e1a8 animated-fast elementor-invisible\" data-id=\"49c9e1a8\" data-element_type=\"column\" data-settings=\"{&quot;animation&quot;:&quot;slideInRight&quot;,&quot;background_background&quot;:&quot;classic&quot;}\">\n\t\t\t<div class=\"elementor-widget-wrap elementor-element-populated\">\n\t\t\t\t\t\t<div class=\"elementor-element elementor-element-1b1091f5 elementor-widget elementor-widget-image\" data-id=\"1b1091f5\" data-element_type=\"widget\" data-widget_type=\"image.default\">\n\t\t\t\t\t\t\t\t\t\t\t\t\t\t\t<img fetchpriority=\"high\" decoding=\"async\" width=\"900\" height=\"996\" src=\"https:\/\/www.laboratorios.galimplant.com\/wp-content\/uploads\/2025\/08\/IMG_0305-925x1024.jpg\" class=\"attachment-large size-large wp-image-144\" alt=\"\" srcset=\"https:\/\/www.laboratorios.galimplant.com\/wp-content\/uploads\/2025\/08\/IMG_0305-925x1024.jpg 925w, https:\/\/www.laboratorios.galimplant.com\/wp-content\/uploads\/2025\/08\/IMG_0305-271x300.jpg 271w, https:\/\/www.laboratorios.galimplant.com\/wp-content\/uploads\/2025\/08\/IMG_0305-768x850.jpg 768w, https:\/\/www.laboratorios.galimplant.com\/wp-content\/uploads\/2025\/08\/IMG_0305.jpg 1290w\" sizes=\"(max-width: 900px) 100vw, 900px\" \/>\t\t\t\t\t\t\t\t\t\t\t\t\t\t\t<\/div>\n\t\t\t\t<div class=\"elementor-element elementor-element-f3fd25 elementor-widget elementor-widget-heading\" data-id=\"f3fd25\" data-element_type=\"widget\" data-widget_type=\"heading.default\">\n\t\t\t\t\t<h2 class=\"elementor-heading-title elementor-size-default\">Zirgalab ONLine<\/h2>\t\t\t\t<\/div>\n\t\t\t\t<div class=\"elementor-element elementor-element-2171d23e elementor-icon-list--layout-traditional elementor-list-item-link-full_width elementor-widget elementor-widget-icon-list\" data-id=\"2171d23e\" data-element_type=\"widget\" data-widget_type=\"icon-list.default\">\n\t\t\t\t\t\t\t<ul class=\"elementor-icon-list-items\">\n\t\t\t\t\t\t\t<li class=\"elementor-icon-list-item\">\n\t\t\t\t\t\t\t\t\t\t\t<span class=\"elementor-icon-list-icon\">\n\t\t\t\t\t\t\t<svg aria-hidden=\"true\" class=\"e-font-icon-svg e-fas-envelope\" viewBox=\"0 0 512 512\" xmlns=\"http:\/\/www.w3.org\/2000\/svg\"><path d=\"M502.3 190.8c3.9-3.1 9.7-.2 9.7 4.7V400c0 26.5-21.5 48-48 48H48c-26.5 0-48-21.5-48-48V195.6c0-5 5.7-7.8 9.7-4.7 22.4 17.4 52.1 39.5 154.1 113.6 21.1 15.4 56.7 47.8 92.2 47.6 35.7.3 72-32.8 92.3-47.6 102-74.1 131.6-96.3 154-113.7zM256 320c23.2.4 56.6-29.2 73.4-41.4 132.7-96.3 142.8-104.7 173.4-128.7 5.8-4.5 9.2-11.5 9.2-18.9v-19c0-26.5-21.5-48-48-48H48C21.5 64 0 85.5 0 112v19c0 7.4 3.4 14.3 9.2 18.9 30.6 23.9 40.7 32.4 173.4 128.7 16.8 12.2 50.2 41.8 73.4 41.4z\"><\/path><\/svg>\t\t\t\t\t\t<\/span>\n\t\t\t\t\t\t\t\t\t\t<span class=\"elementor-icon-list-text\">laboratorio@zirgalab.online<\/span>\n\t\t\t\t\t\t\t\t\t<\/li>\n\t\t\t\t\t\t<\/ul>\n\t\t\t\t\t\t<\/div>\n\t\t\t\t<div class=\"elementor-element elementor-element-7c034405 elementor-widget elementor-widget-html\" data-id=\"7c034405\" data-element_type=\"widget\" data-widget_type=\"html.default\">\n\t\t\t\t\t<!-- Aseg\u00farate de que Montserrat est\u00e9 cargada -->\n<link href=\"https:\/\/fonts.googleapis.com\/css2?family=Montserrat:wght@400;600;700&display=swap\" rel=\"stylesheet\">\n\n<style>\n  .tabla-productos {\n    font-family: 'Montserrat', sans-serif;\n    border-collapse: collapse;\n    width: 100%;\n    margin: 20px 0;\n    font-size: 14px;\n  }\n\n  .tabla-productos thead {\n    background-color: #001e50; \/* azul oscuro *\/\n    color: #fff;\n    font-weight: 700;\n  }\n\n  .tabla-productos th,\n  .tabla-productos td {\n    padding: 12px 10px;\n    border: 1px solid #ccc;\n    text-align: left;\n  }\n\n  .tabla-productos tbody tr:nth-child(even) {\n    background-color: #f9f9f9;\n  }\n\n  .tabla-productos td {\n    font-weight: 400;\n  }\n\n  .tabla-productos th {\n    font-weight: 700;\n  }\n<\/style>\n\n<table class=\"tabla-productos\">\n  <thead>\n    <tr>\n      <th>Producto<\/th>\n      <th>Importe<\/th>\n      <th>Tiempos de fabricaci\u00f3n<\/th>\n    <\/tr>\n  <\/thead>\n  <tbody>\n   <tr>\n      <td>Corona monol\u00edtica de zirconio sobre interfase<\/td>\n      <td>49,9\u20ac<\/td>\n      <td>6 d\u00edas.<\/td>\n    <\/tr>\n    <tr>\n      <td>Corona monol\u00edtica de zirconio sobre diente<\/td>\n      <td>49,9\u20ac<\/td>\n      <td>6 d\u00edas.<\/td>\n    <\/tr>\n    <tr>\n      <td>Corona metal cer\u00e1mica sobre pilar<\/td>\n      <td>-<\/td>\n      <td>-<\/td>\n    <\/tr>\n    <tr>\n      <td>Corona metal cer\u00e1mica sobre diente<\/td>\n      <td>-<\/td>\n      <td>-<\/td>\n    <\/tr>\n    <tr>\n      <td>Carga inmediata fresada por pieza PMMA<\/td>\n      <td>-<\/td>\n      <td>-<\/td>\n    <\/tr>\n    <tr>\n      <td>Carga inmediata impresa por pieza sobre interfase<\/td>\n      <td>-<\/td>\n      <td>-<\/td>\n    <\/tr>\n    <tr>\n      <td>Provisional resina sobre diente<\/td>\n      <td>7\u20ac (Sobre implante)<\/td>\n      <td>4 d\u00edas.<\/td>\n    <\/tr>\n    <tr>\n      <td>Arcada completa monol\u00edtica de zirconio sobre interfases<\/td>\n      <td>800\u20ac<\/td>\n      <td>Seg\u00fan complejidad.<\/td>\n    <\/tr>\n    <tr>\n      <td>Arcada completa fresada de PMMA sobre interfases<\/td>\n      <td>299\u20ac<\/td>\n      <td>7 d\u00edas.<\/td>\n    <\/tr>\n    <tr>\n      <td>Blender titanio\/zirconio monol\u00edtico<\/td>\n      <td>15\u20ac (Tramo)<\/td>\n      <td>4 d\u00edas.<\/td>\n    <\/tr>\n    <tr>\n      <td>Blender PMMA fresado<\/td>\n      <td>479\u20ac <\/td>\n      <td>11 d\u00edas.<\/td>\n    <\/tr>\n    <tr>\n      <td>Blender composite fresado<\/td>\n      <td>579\u20ac <\/td>\n      <td>11 d\u00edas.<\/td>\n    <\/tr>\n    <tr>\n      <td>Blender resina impresa<\/td>\n      <td>-<\/td>\n      <td>-<\/td>\n    <\/tr>\n    <tr>\n      <td>Pasividad de aluminio por conexi\u00f3n<\/td>\n      <td>5\u20ac (Tramo)<\/td>\n      <td>4 d\u00edas.<\/td>\n    <\/tr>\n    <tr>\n      <td>Enc\u00eda rosa cer\u00e1mica por pieza <\/td>\n      <td>10\u20ac<\/td>\n      <td>3 d\u00edas.<\/td>\n    <\/tr>\n    <tr>\n      <td>Prueba est\u00e9tica<\/td>\n      <td>4\u20ac<\/td>\n      <td>4 d\u00edas.<\/td>\n     <\/tr>\n    <tr>\n        <td>F\u00e9rula quir\u00fargica <\/td>\n      <td>-<\/td>\n      <td>-<\/td>\n    <\/tr>\n    <tr>\n        <td>F\u00e9rula Michigan fresada <\/td>\n      <td>-<\/td>\n      <td>-<\/td>\n      <\/tr>\n    <tr>\n       <td>F\u00e9rula Michigan impresa  <\/td>\n      <td>-<\/td>\n      <td>-<\/td>\n  <\/tbody>\n<\/table>\n\n\t\t\t\t<\/div>\n\t\t\t\t<div class=\"elementor-element elementor-element-b2a8072 elementor-widget elementor-widget-image\" data-id=\"b2a8072\" data-element_type=\"widget\" data-widget_type=\"image.default\">\n\t\t\t\t\t\t\t\t\t\t\t\t\t\t\t<img decoding=\"async\" width=\"900\" height=\"506\" src=\"https:\/\/www.laboratorios.galimplant.com\/wp-content\/uploads\/2025\/08\/foto-zirgalab-1024x576.jpg\" class=\"attachment-large size-large wp-image-780\" alt=\"\" srcset=\"https:\/\/www.laboratorios.galimplant.com\/wp-content\/uploads\/2025\/08\/foto-zirgalab-1024x576.jpg 1024w, https:\/\/www.laboratorios.galimplant.com\/wp-content\/uploads\/2025\/08\/foto-zirgalab-300x169.jpg 300w, https:\/\/www.laboratorios.galimplant.com\/wp-content\/uploads\/2025\/08\/foto-zirgalab-768x432.jpg 768w, https:\/\/www.laboratorios.galimplant.com\/wp-content\/uploads\/2025\/08\/foto-zirgalab-1536x864.jpg 1536w, https:\/\/www.laboratorios.galimplant.com\/wp-content\/uploads\/2025\/08\/foto-zirgalab.jpg 1920w\" sizes=\"(max-width: 900px) 100vw, 900px\" \/>\t\t\t\t\t\t\t\t\t\t\t\t\t\t\t<\/div>\n\t\t\t\t\t<\/div>\n\t\t<\/div>\n\t\t\t\t\t<\/div>\n\t\t<\/section>\n\t\t\t\t<section class=\"elementor-section elementor-top-section elementor-element elementor-element-2e3a001c elementor-section-boxed elementor-section-height-default elementor-section-height-default\" data-id=\"2e3a001c\" data-element_type=\"section\">\n\t\t\t\t\t\t<div class=\"elementor-container elementor-column-gap-default\">\n\t\t\t\t\t<div class=\"elementor-column elementor-col-100 elementor-top-column elementor-element elementor-element-2ec67427\" data-id=\"2ec67427\" data-element_type=\"column\">\n\t\t\t<div class=\"elementor-widget-wrap elementor-element-populated\">\n\t\t\t\t\t\t<div class=\"elementor-element elementor-element-df1b184 elementor-widget elementor-widget-spacer\" data-id=\"df1b184\" data-element_type=\"widget\" data-widget_type=\"spacer.default\">\n\t\t\t\t\t\t\t<div class=\"elementor-spacer\">\n\t\t\t<div class=\"elementor-spacer-inner\"><\/div>\n\t\t<\/div>\n\t\t\t\t\t\t<\/div>\n\t\t\t\t\t<\/div>\n\t\t<\/div>\n\t\t\t\t\t<\/div>\n\t\t<\/section>\n\t\t\t\t<section class=\"elementor-section elementor-top-section elementor-element elementor-element-491e9fe6 elementor-section-boxed elementor-section-height-default elementor-section-height-default\" data-id=\"491e9fe6\" data-element_type=\"section\" data-settings=\"{&quot;background_background&quot;:&quot;classic&quot;}\">\n\t\t\t\t\t\t<div class=\"elementor-container elementor-column-gap-default\">\n\t\t\t\t\t<div class=\"elementor-column elementor-col-100 elementor-top-column elementor-element elementor-element-2f6d5ba0\" data-id=\"2f6d5ba0\" data-element_type=\"column\">\n\t\t\t<div class=\"elementor-widget-wrap elementor-element-populated\">\n\t\t\t\t\t\t<div class=\"elementor-element elementor-element-4cf14ca7 elementor-align-center elementor-widget elementor-widget-button\" data-id=\"4cf14ca7\" data-element_type=\"widget\" data-widget_type=\"button.default\">\n\t\t\t\t\t\t\t\t\t\t<a class=\"elementor-button elementor-button-link elementor-size-sm\" href=\"https:\/\/www.laboratorios.galimplant.com\/#mapalaboratorios\">\n\t\t\t\t\t\t<span class=\"elementor-button-content-wrapper\">\n\t\t\t\t\t\t\t\t\t<span class=\"elementor-button-text\">VER OTRAS PROVINCIAS<\/span>\n\t\t\t\t\t<\/span>\n\t\t\t\t\t<\/a>\n\t\t\t\t\t\t\t\t<\/div>\n\t\t\t\t\t<\/div>\n\t\t<\/div>\n\t\t\t\t\t<\/div>\n\t\t<\/section>\n\t\t\t\t<section class=\"elementor-section elementor-top-section elementor-element elementor-element-2fcacdba elementor-section-boxed elementor-section-height-default elementor-section-height-default\" data-id=\"2fcacdba\" data-element_type=\"section\">\n\t\t\t\t\t\t<div class=\"elementor-container elementor-column-gap-default\">\n\t\t\t\t\t<div class=\"elementor-column elementor-col-100 elementor-top-column elementor-element elementor-element-12d35c72\" data-id=\"12d35c72\" data-element_type=\"column\">\n\t\t\t<div class=\"elementor-widget-wrap elementor-element-populated\">\n\t\t\t\t\t\t<div class=\"elementor-element elementor-element-7c5a45a5 elementor-widget elementor-widget-spacer\" data-id=\"7c5a45a5\" data-element_type=\"widget\" data-widget_type=\"spacer.default\">\n\t\t\t\t\t\t\t<div class=\"elementor-spacer\">\n\t\t\t<div class=\"elementor-spacer-inner\"><\/div>\n\t\t<\/div>\n\t\t\t\t\t\t<\/div>\n\t\t\t\t\t<\/div>\n\t\t<\/div>\n\t\t\t\t\t<\/div>\n\t\t<\/section>\n\t\t\t\t<\/div>\n\t\t","protected":false},"excerpt":{"rendered":"<p>LABORATORIOS EN OURENSE Descubre nuestra red de laboratorios en la provincia de Ourense Zirgalab ONLine laboratorio@zirgalab.online Producto Importe Tiempos de fabricaci\u00f3n Corona monol\u00edtica de zirconio sobre interfase 49,9\u20ac 6 d\u00edas. Corona monol\u00edtica de zirconio sobre diente 49,9\u20ac 6 d\u00edas. Corona metal cer\u00e1mica sobre pilar &#8211; &#8211; Corona metal cer\u00e1mica sobre diente &#8211; &#8211; Carga inmediata &#8230; <a title=\"Ourense\" class=\"read-more\" href=\"https:\/\/www.laboratorios.galimplant.com\/index.php\/ourense\/\" aria-label=\"Leer m\u00e1s sobre Ourense\">Leer m\u00e1s<\/a><\/p>\n","protected":false},"author":1,"featured_media":0,"parent":0,"menu_order":0,"comment_status":"closed","ping_status":"closed","template":"elementor_header_footer","meta":{"footnotes":""},"class_list":["post-77","page","type-page","status-publish"],"_links":{"self":[{"href":"https:\/\/www.laboratorios.galimplant.com\/index.php\/wp-json\/wp\/v2\/pages\/77","targetHints":{"allow":["GET"]}}],"collection":[{"href":"https:\/\/www.laboratorios.galimplant.com\/index.php\/wp-json\/wp\/v2\/pages"}],"about":[{"href":"https:\/\/www.laboratorios.galimplant.com\/index.php\/wp-json\/wp\/v2\/types\/page"}],"author":[{"embeddable":true,"href":"https:\/\/www.laboratorios.galimplant.com\/index.php\/wp-json\/wp\/v2\/users\/1"}],"replies":[{"embeddable":true,"href":"https:\/\/www.laboratorios.galimplant.com\/index.php\/wp-json\/wp\/v2\/comments?post=77"}],"version-history":[{"count":34,"href":"https:\/\/www.laboratorios.galimplant.com\/index.php\/wp-json\/wp\/v2\/pages\/77\/revisions"}],"predecessor-version":[{"id":1645,"href":"https:\/\/www.laboratorios.galimplant.com\/index.php\/wp-json\/wp\/v2\/pages\/77\/revisions\/1645"}],"wp:attachment":[{"href":"https:\/\/www.laboratorios.galimplant.com\/index.php\/wp-json\/wp\/v2\/media?parent=77"}],"curies":[{"name":"wp","href":"https:\/\/api.w.org\/{rel}","templated":true}]}}