{"id":391,"date":"2025-08-13T13:38:31","date_gmt":"2025-08-13T11:38:31","guid":{"rendered":"https:\/\/www.laboratorios.galimplant.com\/?page_id=391"},"modified":"2025-10-01T11:59:00","modified_gmt":"2025-10-01T09:59:00","slug":"malaga","status":"publish","type":"page","link":"https:\/\/www.laboratorios.galimplant.com\/index.php\/malaga\/","title":{"rendered":"M\u00e1laga"},"content":{"rendered":"\t\t<div data-elementor-type=\"wp-page\" data-elementor-id=\"391\" class=\"elementor elementor-391\" data-elementor-post-type=\"page\">\n\t\t\t\t<div class=\"elementor-element elementor-element-d18dc4d e-flex e-con-boxed e-con e-parent\" data-id=\"d18dc4d\" data-element_type=\"container\">\n\t\t\t\t\t<div class=\"e-con-inner\">\n\t\t\t\t<div class=\"elementor-element elementor-element-48a69442 elementor-widget elementor-widget-spacer\" data-id=\"48a69442\" data-element_type=\"widget\" data-widget_type=\"spacer.default\">\n\t\t\t\t\t\t\t<div class=\"elementor-spacer\">\n\t\t\t<div class=\"elementor-spacer-inner\"><\/div>\n\t\t<\/div>\n\t\t\t\t\t\t<\/div>\n\t\t\t\t\t<\/div>\n\t\t\t\t<\/div>\n\t\t\t\t<section class=\"elementor-section elementor-top-section elementor-element elementor-element-3ea8febd elementor-section-boxed elementor-section-height-default elementor-section-height-default\" data-id=\"3ea8febd\" data-element_type=\"section\" data-settings=\"{&quot;background_background&quot;:&quot;classic&quot;}\">\n\t\t\t\t\t\t<div class=\"elementor-container elementor-column-gap-default\">\n\t\t\t\t\t<div class=\"elementor-column elementor-col-100 elementor-top-column elementor-element elementor-element-427f1168\" data-id=\"427f1168\" data-element_type=\"column\">\n\t\t\t<div class=\"elementor-widget-wrap elementor-element-populated\">\n\t\t\t\t\t\t<div class=\"elementor-element elementor-element-69d3657f elementor-widget elementor-widget-heading\" data-id=\"69d3657f\" data-element_type=\"widget\" data-widget_type=\"heading.default\">\n\t\t\t\t\t<h1 class=\"elementor-heading-title elementor-size-default\">LABORATORIOS EN M\u00c1LAGA<\/h1>\t\t\t\t<\/div>\n\t\t\t\t<div class=\"elementor-element elementor-element-1878f328 elementor-widget elementor-widget-text-editor\" data-id=\"1878f328\" data-element_type=\"widget\" data-widget_type=\"text-editor.default\">\n\t\t\t\t\t\t\t\t\t<p>Descubre nuestra red de laboratorios en la provincia de M\u00e1laga<\/p>\t\t\t\t\t\t\t\t<\/div>\n\t\t\t\t\t<\/div>\n\t\t<\/div>\n\t\t\t\t\t<\/div>\n\t\t<\/section>\n\t\t\t\t<section class=\"elementor-section elementor-top-section elementor-element elementor-element-5ed1860b elementor-section-boxed elementor-section-height-default elementor-section-height-default\" data-id=\"5ed1860b\" data-element_type=\"section\">\n\t\t\t\t\t\t<div class=\"elementor-container elementor-column-gap-default\">\n\t\t\t\t\t<div class=\"elementor-column elementor-col-100 elementor-top-column elementor-element elementor-element-1640dade\" data-id=\"1640dade\" data-element_type=\"column\">\n\t\t\t<div class=\"elementor-widget-wrap elementor-element-populated\">\n\t\t\t\t\t\t<div class=\"elementor-element elementor-element-49dd0e24 elementor-widget elementor-widget-spacer\" data-id=\"49dd0e24\" data-element_type=\"widget\" data-widget_type=\"spacer.default\">\n\t\t\t\t\t\t\t<div class=\"elementor-spacer\">\n\t\t\t<div class=\"elementor-spacer-inner\"><\/div>\n\t\t<\/div>\n\t\t\t\t\t\t<\/div>\n\t\t\t\t\t<\/div>\n\t\t<\/div>\n\t\t\t\t\t<\/div>\n\t\t<\/section>\n\t\t\t\t<section class=\"elementor-section elementor-top-section elementor-element elementor-element-37937f5 elementor-section-boxed elementor-section-height-default elementor-section-height-default\" data-id=\"37937f5\" data-element_type=\"section\">\n\t\t\t\t\t\t<div class=\"elementor-container elementor-column-gap-default\">\n\t\t\t\t\t<div class=\"elementor-column elementor-col-100 elementor-top-column elementor-element elementor-element-7b5ebb8b\" data-id=\"7b5ebb8b\" data-element_type=\"column\">\n\t\t\t<div class=\"elementor-widget-wrap elementor-element-populated\">\n\t\t\t\t\t\t<div class=\"elementor-element elementor-element-63181572 elementor-widget elementor-widget-spacer\" data-id=\"63181572\" data-element_type=\"widget\" data-widget_type=\"spacer.default\">\n\t\t\t\t\t\t\t<div class=\"elementor-spacer\">\n\t\t\t<div class=\"elementor-spacer-inner\"><\/div>\n\t\t<\/div>\n\t\t\t\t\t\t<\/div>\n\t\t\t\t\t<\/div>\n\t\t<\/div>\n\t\t\t\t\t<\/div>\n\t\t<\/section>\n\t\t\t\t<section class=\"elementor-section elementor-top-section elementor-element elementor-element-7306ca93 elementor-section-boxed elementor-section-height-default elementor-section-height-default\" data-id=\"7306ca93\" data-element_type=\"section\">\n\t\t\t\t\t\t<div class=\"elementor-container elementor-column-gap-default\">\n\t\t\t\t\t<div class=\"elementor-column elementor-col-100 elementor-top-column elementor-element elementor-element-29a0c2bf animated-fast elementor-invisible\" data-id=\"29a0c2bf\" data-element_type=\"column\" data-settings=\"{&quot;animation&quot;:&quot;slideInRight&quot;,&quot;background_background&quot;:&quot;classic&quot;}\">\n\t\t\t<div class=\"elementor-widget-wrap elementor-element-populated\">\n\t\t\t\t\t\t<div class=\"elementor-element elementor-element-6586a5af elementor-widget elementor-widget-image\" data-id=\"6586a5af\" data-element_type=\"widget\" data-widget_type=\"image.default\">\n\t\t\t\t\t\t\t\t\t\t\t\t\t\t\t<img fetchpriority=\"high\" decoding=\"async\" width=\"900\" height=\"201\" src=\"https:\/\/www.laboratorios.galimplant.com\/wp-content\/uploads\/2025\/08\/LOGO-scaled-e1754917742318-1024x229.jpeg\" class=\"attachment-large size-large wp-image-386\" alt=\"\" srcset=\"https:\/\/www.laboratorios.galimplant.com\/wp-content\/uploads\/2025\/08\/LOGO-scaled-e1754917742318-1024x229.jpeg 1024w, https:\/\/www.laboratorios.galimplant.com\/wp-content\/uploads\/2025\/08\/LOGO-scaled-e1754917742318-300x67.jpeg 300w, https:\/\/www.laboratorios.galimplant.com\/wp-content\/uploads\/2025\/08\/LOGO-scaled-e1754917742318-768x171.jpeg 768w, https:\/\/www.laboratorios.galimplant.com\/wp-content\/uploads\/2025\/08\/LOGO-scaled-e1754917742318-1536x343.jpeg 1536w, https:\/\/www.laboratorios.galimplant.com\/wp-content\/uploads\/2025\/08\/LOGO-scaled-e1754917742318.jpeg 1626w\" sizes=\"(max-width: 900px) 100vw, 900px\" \/>\t\t\t\t\t\t\t\t\t\t\t\t\t\t\t<\/div>\n\t\t\t\t<div class=\"elementor-element elementor-element-4477e4aa elementor-widget elementor-widget-heading\" data-id=\"4477e4aa\" data-element_type=\"widget\" data-widget_type=\"heading.default\">\n\t\t\t\t\t<h2 class=\"elementor-heading-title elementor-size-default\">Jacaranda Dental S.L<\/h2>\t\t\t\t<\/div>\n\t\t\t\t<div class=\"elementor-element elementor-element-26a26115 elementor-icon-list--layout-traditional elementor-list-item-link-full_width elementor-widget elementor-widget-icon-list\" data-id=\"26a26115\" data-element_type=\"widget\" data-widget_type=\"icon-list.default\">\n\t\t\t\t\t\t\t<ul class=\"elementor-icon-list-items\">\n\t\t\t\t\t\t\t<li class=\"elementor-icon-list-item\">\n\t\t\t\t\t\t\t\t\t\t\t<span class=\"elementor-icon-list-icon\">\n\t\t\t\t\t\t\t<svg aria-hidden=\"true\" class=\"e-font-icon-svg e-fas-phone-alt\" viewBox=\"0 0 512 512\" xmlns=\"http:\/\/www.w3.org\/2000\/svg\"><path d=\"M497.39 361.8l-112-48a24 24 0 0 0-28 6.9l-49.6 60.6A370.66 370.66 0 0 1 130.6 204.11l60.6-49.6a23.94 23.94 0 0 0 6.9-28l-48-112A24.16 24.16 0 0 0 122.6.61l-104 24A24 24 0 0 0 0 48c0 256.5 207.9 464 464 464a24 24 0 0 0 23.4-18.6l24-104a24.29 24.29 0 0 0-14.01-27.6z\"><\/path><\/svg>\t\t\t\t\t\t<\/span>\n\t\t\t\t\t\t\t\t\t\t<span class=\"elementor-icon-list-text\">+ 34 952 232 570 - <i>Jes\u00fas Tortosa Burgos<\/i><\/span>\n\t\t\t\t\t\t\t\t\t<\/li>\n\t\t\t\t\t\t\t\t<li class=\"elementor-icon-list-item\">\n\t\t\t\t\t\t\t\t\t\t\t<span class=\"elementor-icon-list-icon\">\n\t\t\t\t\t\t\t<svg aria-hidden=\"true\" class=\"e-font-icon-svg e-fas-envelope\" viewBox=\"0 0 512 512\" xmlns=\"http:\/\/www.w3.org\/2000\/svg\"><path d=\"M502.3 190.8c3.9-3.1 9.7-.2 9.7 4.7V400c0 26.5-21.5 48-48 48H48c-26.5 0-48-21.5-48-48V195.6c0-5 5.7-7.8 9.7-4.7 22.4 17.4 52.1 39.5 154.1 113.6 21.1 15.4 56.7 47.8 92.2 47.6 35.7.3 72-32.8 92.3-47.6 102-74.1 131.6-96.3 154-113.7zM256 320c23.2.4 56.6-29.2 73.4-41.4 132.7-96.3 142.8-104.7 173.4-128.7 5.8-4.5 9.2-11.5 9.2-18.9v-19c0-26.5-21.5-48-48-48H48C21.5 64 0 85.5 0 112v19c0 7.4 3.4 14.3 9.2 18.9 30.6 23.9 40.7 32.4 173.4 128.7 16.8 12.2 50.2 41.8 73.4 41.4z\"><\/path><\/svg>\t\t\t\t\t\t<\/span>\n\t\t\t\t\t\t\t\t\t\t<span class=\"elementor-icon-list-text\">jtortosab@gmail.com<\/span>\n\t\t\t\t\t\t\t\t\t<\/li>\n\t\t\t\t\t\t<\/ul>\n\t\t\t\t\t\t<\/div>\n\t\t\t\t<div class=\"elementor-element elementor-element-7f830f7e elementor-widget elementor-widget-html\" data-id=\"7f830f7e\" data-element_type=\"widget\" data-widget_type=\"html.default\">\n\t\t\t\t\t<!-- Aseg\u00farate de que Montserrat est\u00e9 cargada -->\n<link href=\"https:\/\/fonts.googleapis.com\/css2?family=Montserrat:wght@400;600;700&display=swap\" rel=\"stylesheet\">\n\n<style>\n  .tabla-productos {\n    font-family: 'Montserrat', sans-serif;\n    border-collapse: collapse;\n    width: 100%;\n    margin: 20px 0;\n    font-size: 14px;\n  }\n\n  .tabla-productos thead {\n    background-color: #001e50; \/* azul oscuro *\/\n    color: #fff;\n    font-weight: 700;\n  }\n\n  .tabla-productos th,\n  .tabla-productos td {\n    padding: 12px 10px;\n    border: 1px solid #ccc;\n    text-align: left;\n  }\n\n  .tabla-productos tbody tr:nth-child(even) {\n    background-color: #f9f9f9;\n  }\n\n  .tabla-productos td {\n    font-weight: 400;\n  }\n\n  .tabla-productos th {\n    font-weight: 700;\n  }\n<\/style>\n\n<table class=\"tabla-productos\">\n  <thead>\n    <tr>\n      <th>Producto<\/th>\n      <th>Importe<\/th>\n      <th>Tiempos de fabricaci\u00f3n<\/th>\n    <\/tr>\n  <\/thead>\n  <tbody>\n    <tr>\n      <td>Corona monol\u00edtica de zirconio sobre interfase<\/td>\n      <td>85\u20ac<\/td>\n      <td>5 d\u00edas.<\/td>\n    <\/tr>\n    <tr>\n      <td>Corona monol\u00edtica de zirconio sobre diente<\/td>\n      <td>80\u20ac<\/td>\n      <td>5 d\u00edas.<\/td>\n    <\/tr>\n    <tr>\n      <td>Corona metal cer\u00e1mica sobre pilar<\/td>\n      <td>85\u20ac<\/td>\n      <td>5 d\u00edas.<\/td>\n    <\/tr>\n    <tr>\n      <td>Corona metal cer\u00e1mica sobre diente<\/td>\n      <td>80\u20ac<\/td>\n      <td>5 d\u00edas.<\/td>\n    <\/tr>\n    <tr>\n      <td>Carga inmediata fresada por pieza PMMA<\/td>\n      <td>35\u20ac<\/td>\n      <td>1-2 d\u00edas seg\u00fan complejidad.<\/td>\n    <\/tr>\n    <tr>\n      <td>Carga inmediata impresa por pieza sobre interfase<\/td>\n      <td>25\u20ac<\/td>\n      <td>1-2 d\u00edas seg\u00fan complejidad.<\/td>\n    <\/tr>\n    <tr>\n      <td>Provisional resina sobre diente<\/td>\n      <td>20\u20ac<\/td>\n      <td>2 d\u00edas.<\/td>\n    <\/tr>\n    <tr>\n      <td>Arcada completa monol\u00edtica de zirconio sobre interfases<\/td>\n      <td>1.020\u20ac<\/td>\n      <td>10 d\u00edas.<\/td>\n    <\/tr>\n    <tr>\n      <td>Arcada completa fresada de PMMA sobre interfases<\/td>\n      <td>600\u20ac<\/td>\n      <td>5 d\u00edas.<\/td>\n    <\/tr>\n    <tr>\n      <td>Blender titanio\/zirconio monol\u00edtico<\/td>\n      <td>350\u20ac + zirconio<\/td>\n      <td>5 d\u00edas.<\/td>\n    <\/tr>\n    <tr>\n      <td>Blender PMMA fresado<\/td>\n      <td>950\u20ac<\/td>\n      <td>10 d\u00edas.<\/td>\n    <\/tr>\n    <tr>\n      <td>Blender composite fresado<\/td>\n      <td>1070\u20ac<\/td>\n      <td>10 d\u00edas.<\/td>\n    <\/tr>\n    <tr>\n      <td>Blender resina impresa<\/td>\n      <td>760\u20ac<\/td>\n      <td>7 d\u00edas.<\/td>\n    <\/tr>\n    <tr>\n      <td>Pasividad de aluminio por conexi\u00f3n<\/td>\n      <td>50\u20ac<\/td>\n      <td>3 d\u00edas.<\/td>\n    <\/tr>\n    <tr>\n      <td>Enc\u00eda rosa cer\u00e1mica por pieza <\/td>\n      <td>5\u20ac<\/td>\n      <td>5 d\u00edas.<\/td>\n    <\/tr>\n    <tr>\n      <td>Prueba est\u00e9tica<\/td>\n      <td>Inclu\u00eddo<\/td>\n      <td>5 d\u00edas.<\/td>\n     <\/tr>\n    <tr>\n        <td>F\u00e9rula quir\u00fargica <\/td>\n      <td>45\u20ac<\/td>\n      <td>4 d\u00edas.<\/td>\n    <\/tr>\n    <tr>\n        <td>F\u00e9rula Michigan fresada <\/td>\n      <td>75\u20ac<\/td>\n      <td>5 d\u00edas.<\/td>\n      <\/tr>\n    <tr>\n       <td>F\u00e9rula Michigan impresa  <\/td>\n      <td>75\u20ac<\/td>\n      <td>5 d\u00edas.<\/td>\n  <\/tbody>\n<\/table>\t\t\t\t<\/div>\n\t\t\t\t<div class=\"elementor-element elementor-element-78147b7 elementor-widget elementor-widget-image\" data-id=\"78147b7\" data-element_type=\"widget\" data-widget_type=\"image.default\">\n\t\t\t\t\t\t\t\t\t\t\t\t\t\t\t<img decoding=\"async\" width=\"900\" height=\"506\" src=\"https:\/\/www.laboratorios.galimplant.com\/wp-content\/uploads\/2025\/08\/foto-jacaranda-1024x576.jpg\" class=\"attachment-large size-large wp-image-764\" alt=\"\" srcset=\"https:\/\/www.laboratorios.galimplant.com\/wp-content\/uploads\/2025\/08\/foto-jacaranda-1024x576.jpg 1024w, https:\/\/www.laboratorios.galimplant.com\/wp-content\/uploads\/2025\/08\/foto-jacaranda-300x169.jpg 300w, https:\/\/www.laboratorios.galimplant.com\/wp-content\/uploads\/2025\/08\/foto-jacaranda-768x432.jpg 768w, https:\/\/www.laboratorios.galimplant.com\/wp-content\/uploads\/2025\/08\/foto-jacaranda-1536x864.jpg 1536w, https:\/\/www.laboratorios.galimplant.com\/wp-content\/uploads\/2025\/08\/foto-jacaranda.jpg 1920w\" sizes=\"(max-width: 900px) 100vw, 900px\" \/>\t\t\t\t\t\t\t\t\t\t\t\t\t\t\t<\/div>\n\t\t\t\t\t<\/div>\n\t\t<\/div>\n\t\t\t\t\t<\/div>\n\t\t<\/section>\n\t\t\t\t<section class=\"elementor-section elementor-top-section elementor-element elementor-element-2b0f2c elementor-section-boxed elementor-section-height-default elementor-section-height-default\" data-id=\"2b0f2c\" data-element_type=\"section\">\n\t\t\t\t\t\t<div class=\"elementor-container elementor-column-gap-default\">\n\t\t\t\t\t<div class=\"elementor-column elementor-col-100 elementor-top-column elementor-element elementor-element-5a68453c\" data-id=\"5a68453c\" data-element_type=\"column\">\n\t\t\t<div class=\"elementor-widget-wrap elementor-element-populated\">\n\t\t\t\t\t\t<div class=\"elementor-element elementor-element-249decc7 elementor-widget elementor-widget-spacer\" data-id=\"249decc7\" data-element_type=\"widget\" data-widget_type=\"spacer.default\">\n\t\t\t\t\t\t\t<div class=\"elementor-spacer\">\n\t\t\t<div class=\"elementor-spacer-inner\"><\/div>\n\t\t<\/div>\n\t\t\t\t\t\t<\/div>\n\t\t\t\t\t<\/div>\n\t\t<\/div>\n\t\t\t\t\t<\/div>\n\t\t<\/section>\n\t\t\t\t<section class=\"elementor-section elementor-top-section elementor-element elementor-element-3bb22699 elementor-section-boxed elementor-section-height-default elementor-section-height-default\" data-id=\"3bb22699\" data-element_type=\"section\" data-settings=\"{&quot;background_background&quot;:&quot;classic&quot;}\">\n\t\t\t\t\t\t<div class=\"elementor-container elementor-column-gap-default\">\n\t\t\t\t\t<div class=\"elementor-column elementor-col-100 elementor-top-column elementor-element elementor-element-3536a815\" data-id=\"3536a815\" data-element_type=\"column\">\n\t\t\t<div class=\"elementor-widget-wrap elementor-element-populated\">\n\t\t\t\t\t\t<div class=\"elementor-element elementor-element-73e3f7bc elementor-align-center elementor-widget elementor-widget-button\" data-id=\"73e3f7bc\" data-element_type=\"widget\" data-widget_type=\"button.default\">\n\t\t\t\t\t\t\t\t\t\t<a class=\"elementor-button elementor-button-link elementor-size-sm\" href=\"https:\/\/www.laboratorios.galimplant.com\/#mapalaboratorios\">\n\t\t\t\t\t\t<span class=\"elementor-button-content-wrapper\">\n\t\t\t\t\t\t\t\t\t<span class=\"elementor-button-text\">VER OTRAS PROVINCIAS<\/span>\n\t\t\t\t\t<\/span>\n\t\t\t\t\t<\/a>\n\t\t\t\t\t\t\t\t<\/div>\n\t\t\t\t\t<\/div>\n\t\t<\/div>\n\t\t\t\t\t<\/div>\n\t\t<\/section>\n\t\t\t\t<section class=\"elementor-section elementor-top-section elementor-element elementor-element-6dc0f4ba elementor-section-boxed elementor-section-height-default elementor-section-height-default\" data-id=\"6dc0f4ba\" data-element_type=\"section\">\n\t\t\t\t\t\t<div class=\"elementor-container elementor-column-gap-default\">\n\t\t\t\t\t<div class=\"elementor-column elementor-col-100 elementor-top-column elementor-element elementor-element-324f294c\" data-id=\"324f294c\" data-element_type=\"column\">\n\t\t\t<div class=\"elementor-widget-wrap elementor-element-populated\">\n\t\t\t\t\t\t<div class=\"elementor-element elementor-element-1d244566 elementor-widget elementor-widget-spacer\" data-id=\"1d244566\" data-element_type=\"widget\" data-widget_type=\"spacer.default\">\n\t\t\t\t\t\t\t<div class=\"elementor-spacer\">\n\t\t\t<div class=\"elementor-spacer-inner\"><\/div>\n\t\t<\/div>\n\t\t\t\t\t\t<\/div>\n\t\t\t\t\t<\/div>\n\t\t<\/div>\n\t\t\t\t\t<\/div>\n\t\t<\/section>\n\t\t\t\t<\/div>\n\t\t","protected":false},"excerpt":{"rendered":"<p>LABORATORIOS EN M\u00c1LAGA Descubre nuestra red de laboratorios en la provincia de M\u00e1laga Jacaranda Dental S.L + 34 952 232 570 &#8211; Jes\u00fas Tortosa Burgos jtortosab@gmail.com Producto Importe Tiempos de fabricaci\u00f3n Corona monol\u00edtica de zirconio sobre interfase 85\u20ac 5 d\u00edas. Corona monol\u00edtica de zirconio sobre diente 80\u20ac 5 d\u00edas. Corona metal cer\u00e1mica sobre pilar 85\u20ac &#8230; <a title=\"M\u00e1laga\" class=\"read-more\" href=\"https:\/\/www.laboratorios.galimplant.com\/index.php\/malaga\/\" aria-label=\"Leer m\u00e1s sobre M\u00e1laga\">Leer m\u00e1s<\/a><\/p>\n","protected":false},"author":1,"featured_media":0,"parent":0,"menu_order":0,"comment_status":"closed","ping_status":"closed","template":"elementor_header_footer","meta":{"footnotes":""},"class_list":["post-391","page","type-page","status-publish"],"_links":{"self":[{"href":"https:\/\/www.laboratorios.galimplant.com\/index.php\/wp-json\/wp\/v2\/pages\/391","targetHints":{"allow":["GET"]}}],"collection":[{"href":"https:\/\/www.laboratorios.galimplant.com\/index.php\/wp-json\/wp\/v2\/pages"}],"about":[{"href":"https:\/\/www.laboratorios.galimplant.com\/index.php\/wp-json\/wp\/v2\/types\/page"}],"author":[{"embeddable":true,"href":"https:\/\/www.laboratorios.galimplant.com\/index.php\/wp-json\/wp\/v2\/users\/1"}],"replies":[{"embeddable":true,"href":"https:\/\/www.laboratorios.galimplant.com\/index.php\/wp-json\/wp\/v2\/comments?post=391"}],"version-history":[{"count":22,"href":"https:\/\/www.laboratorios.galimplant.com\/index.php\/wp-json\/wp\/v2\/pages\/391\/revisions"}],"predecessor-version":[{"id":1639,"href":"https:\/\/www.laboratorios.galimplant.com\/index.php\/wp-json\/wp\/v2\/pages\/391\/revisions\/1639"}],"wp:attachment":[{"href":"https:\/\/www.laboratorios.galimplant.com\/index.php\/wp-json\/wp\/v2\/media?parent=391"}],"curies":[{"name":"wp","href":"https:\/\/api.w.org\/{rel}","templated":true}]}}