{"id":274,"date":"2025-08-13T13:36:39","date_gmt":"2025-08-13T11:36:39","guid":{"rendered":"https:\/\/www.laboratorios.galimplant.com\/?page_id=274"},"modified":"2025-10-01T12:03:26","modified_gmt":"2025-10-01T10:03:26","slug":"zaragoza","status":"publish","type":"page","link":"https:\/\/www.laboratorios.galimplant.com\/index.php\/zaragoza\/","title":{"rendered":"Zaragoza"},"content":{"rendered":"\t\t<div data-elementor-type=\"wp-page\" data-elementor-id=\"274\" class=\"elementor elementor-274\" data-elementor-post-type=\"page\">\n\t\t\t\t<div class=\"elementor-element elementor-element-fdfdc21 e-flex e-con-boxed e-con e-parent\" data-id=\"fdfdc21\" data-element_type=\"container\">\n\t\t\t\t\t<div class=\"e-con-inner\">\n\t\t\t\t<div class=\"elementor-element elementor-element-18a78422 elementor-widget elementor-widget-spacer\" data-id=\"18a78422\" data-element_type=\"widget\" data-widget_type=\"spacer.default\">\n\t\t\t\t\t\t\t<div class=\"elementor-spacer\">\n\t\t\t<div class=\"elementor-spacer-inner\"><\/div>\n\t\t<\/div>\n\t\t\t\t\t\t<\/div>\n\t\t\t\t\t<\/div>\n\t\t\t\t<\/div>\n\t\t\t\t<section class=\"elementor-section elementor-top-section elementor-element elementor-element-9948341 elementor-section-boxed elementor-section-height-default elementor-section-height-default\" data-id=\"9948341\" data-element_type=\"section\" data-settings=\"{&quot;background_background&quot;:&quot;classic&quot;}\">\n\t\t\t\t\t\t<div class=\"elementor-container elementor-column-gap-default\">\n\t\t\t\t\t<div class=\"elementor-column elementor-col-100 elementor-top-column elementor-element elementor-element-647a130d\" data-id=\"647a130d\" data-element_type=\"column\">\n\t\t\t<div class=\"elementor-widget-wrap elementor-element-populated\">\n\t\t\t\t\t\t<div class=\"elementor-element elementor-element-27effa0c elementor-widget elementor-widget-heading\" data-id=\"27effa0c\" data-element_type=\"widget\" data-widget_type=\"heading.default\">\n\t\t\t\t\t<h1 class=\"elementor-heading-title elementor-size-default\">LABORATORIOS EN ZARAGOZA<\/h1>\t\t\t\t<\/div>\n\t\t\t\t<div class=\"elementor-element elementor-element-50ddb2bc elementor-widget elementor-widget-text-editor\" data-id=\"50ddb2bc\" data-element_type=\"widget\" data-widget_type=\"text-editor.default\">\n\t\t\t\t\t\t\t\t\t<p>Descubre nuestra red de laboratorios en la provincia de Zaragoza<\/p>\t\t\t\t\t\t\t\t<\/div>\n\t\t\t\t\t<\/div>\n\t\t<\/div>\n\t\t\t\t\t<\/div>\n\t\t<\/section>\n\t\t\t\t<section class=\"elementor-section elementor-top-section elementor-element elementor-element-66cda38 elementor-section-boxed elementor-section-height-default elementor-section-height-default\" data-id=\"66cda38\" data-element_type=\"section\">\n\t\t\t\t\t\t<div class=\"elementor-container elementor-column-gap-default\">\n\t\t\t\t\t<div class=\"elementor-column elementor-col-100 elementor-top-column elementor-element elementor-element-cb7a3cd\" data-id=\"cb7a3cd\" data-element_type=\"column\">\n\t\t\t<div class=\"elementor-widget-wrap elementor-element-populated\">\n\t\t\t\t\t\t<div class=\"elementor-element elementor-element-3623525c elementor-widget elementor-widget-spacer\" data-id=\"3623525c\" data-element_type=\"widget\" data-widget_type=\"spacer.default\">\n\t\t\t\t\t\t\t<div class=\"elementor-spacer\">\n\t\t\t<div class=\"elementor-spacer-inner\"><\/div>\n\t\t<\/div>\n\t\t\t\t\t\t<\/div>\n\t\t\t\t\t<\/div>\n\t\t<\/div>\n\t\t\t\t\t<\/div>\n\t\t<\/section>\n\t\t\t\t<section class=\"elementor-section elementor-top-section elementor-element elementor-element-1160b18f elementor-section-boxed elementor-section-height-default elementor-section-height-default\" data-id=\"1160b18f\" data-element_type=\"section\">\n\t\t\t\t\t\t<div class=\"elementor-container elementor-column-gap-default\">\n\t\t\t\t\t<div class=\"elementor-column elementor-col-100 elementor-top-column elementor-element elementor-element-46407a9\" data-id=\"46407a9\" data-element_type=\"column\">\n\t\t\t<div class=\"elementor-widget-wrap elementor-element-populated\">\n\t\t\t\t\t\t<div class=\"elementor-element elementor-element-5c8c83fb elementor-widget elementor-widget-spacer\" data-id=\"5c8c83fb\" data-element_type=\"widget\" data-widget_type=\"spacer.default\">\n\t\t\t\t\t\t\t<div class=\"elementor-spacer\">\n\t\t\t<div class=\"elementor-spacer-inner\"><\/div>\n\t\t<\/div>\n\t\t\t\t\t\t<\/div>\n\t\t\t\t\t<\/div>\n\t\t<\/div>\n\t\t\t\t\t<\/div>\n\t\t<\/section>\n\t\t\t\t<section class=\"elementor-section elementor-top-section elementor-element elementor-element-1776985c elementor-section-boxed elementor-section-height-default elementor-section-height-default\" data-id=\"1776985c\" data-element_type=\"section\">\n\t\t\t\t\t\t<div class=\"elementor-container elementor-column-gap-default\">\n\t\t\t\t\t<div class=\"elementor-column elementor-col-100 elementor-top-column elementor-element elementor-element-36349e28 animated-fast elementor-invisible\" data-id=\"36349e28\" data-element_type=\"column\" data-settings=\"{&quot;animation&quot;:&quot;slideInRight&quot;,&quot;background_background&quot;:&quot;classic&quot;}\">\n\t\t\t<div class=\"elementor-widget-wrap elementor-element-populated\">\n\t\t\t\t\t\t<div class=\"elementor-element elementor-element-6a1e1384 elementor-widget elementor-widget-image\" data-id=\"6a1e1384\" data-element_type=\"widget\" data-widget_type=\"image.default\">\n\t\t\t\t\t\t\t\t\t\t\t\t\t\t\t<img decoding=\"async\" width=\"415\" height=\"117\" src=\"https:\/\/www.laboratorios.galimplant.com\/wp-content\/uploads\/2025\/08\/LOGO-tri-dental-e1754897165794.png\" class=\"attachment-large size-large wp-image-278\" alt=\"\" srcset=\"https:\/\/www.laboratorios.galimplant.com\/wp-content\/uploads\/2025\/08\/LOGO-tri-dental-e1754897165794.png 415w, https:\/\/www.laboratorios.galimplant.com\/wp-content\/uploads\/2025\/08\/LOGO-tri-dental-e1754897165794-300x85.png 300w\" sizes=\"(max-width: 415px) 100vw, 415px\" \/>\t\t\t\t\t\t\t\t\t\t\t\t\t\t\t<\/div>\n\t\t\t\t<div class=\"elementor-element elementor-element-3f0d4a63 elementor-widget elementor-widget-heading\" data-id=\"3f0d4a63\" data-element_type=\"widget\" data-widget_type=\"heading.default\">\n\t\t\t\t\t<h2 class=\"elementor-heading-title elementor-size-default\">Tridentalab<\/h2>\t\t\t\t<\/div>\n\t\t\t\t<div class=\"elementor-element elementor-element-447f333a elementor-icon-list--layout-traditional elementor-list-item-link-full_width elementor-widget elementor-widget-icon-list\" data-id=\"447f333a\" data-element_type=\"widget\" data-widget_type=\"icon-list.default\">\n\t\t\t\t\t\t\t<ul class=\"elementor-icon-list-items\">\n\t\t\t\t\t\t\t<li class=\"elementor-icon-list-item\">\n\t\t\t\t\t\t\t\t\t\t\t<span class=\"elementor-icon-list-icon\">\n\t\t\t\t\t\t\t<svg aria-hidden=\"true\" class=\"e-font-icon-svg e-fas-phone-alt\" viewBox=\"0 0 512 512\" xmlns=\"http:\/\/www.w3.org\/2000\/svg\"><path d=\"M497.39 361.8l-112-48a24 24 0 0 0-28 6.9l-49.6 60.6A370.66 370.66 0 0 1 130.6 204.11l60.6-49.6a23.94 23.94 0 0 0 6.9-28l-48-112A24.16 24.16 0 0 0 122.6.61l-104 24A24 24 0 0 0 0 48c0 256.5 207.9 464 464 464a24 24 0 0 0 23.4-18.6l24-104a24.29 24.29 0 0 0-14.01-27.6z\"><\/path><\/svg>\t\t\t\t\t\t<\/span>\n\t\t\t\t\t\t\t\t\t\t<span class=\"elementor-icon-list-text\">+ 34 634 420 415 - <i>Jos\u00e9 \u00c1ngel<\/i><\/span>\n\t\t\t\t\t\t\t\t\t<\/li>\n\t\t\t\t\t\t\t\t<li class=\"elementor-icon-list-item\">\n\t\t\t\t\t\t\t\t\t\t\t<span class=\"elementor-icon-list-icon\">\n\t\t\t\t\t\t\t<svg aria-hidden=\"true\" class=\"e-font-icon-svg e-fas-envelope\" viewBox=\"0 0 512 512\" xmlns=\"http:\/\/www.w3.org\/2000\/svg\"><path d=\"M502.3 190.8c3.9-3.1 9.7-.2 9.7 4.7V400c0 26.5-21.5 48-48 48H48c-26.5 0-48-21.5-48-48V195.6c0-5 5.7-7.8 9.7-4.7 22.4 17.4 52.1 39.5 154.1 113.6 21.1 15.4 56.7 47.8 92.2 47.6 35.7.3 72-32.8 92.3-47.6 102-74.1 131.6-96.3 154-113.7zM256 320c23.2.4 56.6-29.2 73.4-41.4 132.7-96.3 142.8-104.7 173.4-128.7 5.8-4.5 9.2-11.5 9.2-18.9v-19c0-26.5-21.5-48-48-48H48C21.5 64 0 85.5 0 112v19c0 7.4 3.4 14.3 9.2 18.9 30.6 23.9 40.7 32.4 173.4 128.7 16.8 12.2 50.2 41.8 73.4 41.4z\"><\/path><\/svg>\t\t\t\t\t\t<\/span>\n\t\t\t\t\t\t\t\t\t\t<span class=\"elementor-icon-list-text\">3dentallaboratorio@gmail.com<\/span>\n\t\t\t\t\t\t\t\t\t<\/li>\n\t\t\t\t\t\t<\/ul>\n\t\t\t\t\t\t<\/div>\n\t\t\t\t<div class=\"elementor-element elementor-element-44e5bcc4 elementor-widget elementor-widget-html\" data-id=\"44e5bcc4\" data-element_type=\"widget\" data-widget_type=\"html.default\">\n\t\t\t\t\t<!-- Aseg\u00farate de que Montserrat est\u00e9 cargada -->\n<link href=\"https:\/\/fonts.googleapis.com\/css2?family=Montserrat:wght@400;600;700&display=swap\" rel=\"stylesheet\">\n\n<style>\n  .tabla-productos {\n    font-family: 'Montserrat', sans-serif;\n    border-collapse: collapse;\n    width: 100%;\n    margin: 20px 0;\n    font-size: 14px;\n  }\n\n  .tabla-productos thead {\n    background-color: #001e50; \/* azul oscuro *\/\n    color: #fff;\n    font-weight: 700;\n  }\n\n  .tabla-productos th,\n  .tabla-productos td {\n    padding: 12px 10px;\n    border: 1px solid #ccc;\n    text-align: left;\n  }\n\n  .tabla-productos tbody tr:nth-child(even) {\n    background-color: #f9f9f9;\n  }\n\n  .tabla-productos td {\n    font-weight: 400;\n  }\n\n  .tabla-productos th {\n    font-weight: 700;\n  }\n<\/style>\n\n<table class=\"tabla-productos\">\n  <thead>\n    <tr>\n      <th>Producto<\/th>\n      <th>Importe<\/th>\n      <th>Tiempos de fabricaci\u00f3n<\/th>\n    <\/tr>\n  <\/thead>\n  <tbody>\n    <tr>\n      <td>Corona monol\u00edtica de zirconio sobre interfase<\/td>\n      <td>125\u20ac<\/td>\n      <td>5 d\u00edas laborables.<\/td>\n    <\/tr>\n    <tr>\n      <td>Corona monol\u00edtica de zirconio sobre diente<\/td>\n      <td>95\u20ac<\/td>\n      <td>5 d\u00edas laborables.<\/td>\n    <\/tr>\n    <tr>\n      <td>Corona metal cer\u00e1mica sobre pilar<\/td>\n      <td>120\u20ac<\/td>\n      <td>5 d\u00edas laborables.<\/td>\n    <\/tr>\n    <tr>\n      <td>Corona metal cer\u00e1mica sobre diente<\/td>\n      <td>80\u20ac<\/td>\n      <td>5 d\u00edas laborables.<\/td>\n    <\/tr>\n    <tr>\n      <td>Carga inmediata fresada por pieza PMMA<\/td>\n      <td>35\u20ac<\/td>\n      <td>1 d\u00eda laborable.<\/td>\n    <\/tr>\n    <tr>\n      <td>Carga inmediata impresa por pieza sobre interfase<\/td>\n      <td>25\u20ac<\/td>\n      <td>1 d\u00eda laborable.<\/td>\n    <\/tr>\n    <tr>\n      <td>Provisional resina sobre diente<\/td>\n      <td>25\u20ac<\/td>\n      <td>1 d\u00eda laborable.<\/td>\n    <\/tr>\n    <tr>\n      <td>Arcada completa monol\u00edtica de zirconio sobre interfases<\/td>\n      <td>1.500\u20ac<\/td>\n      <td>5 d\u00edas laborables.<\/td>\n    <\/tr>\n    <tr>\n      <td>Arcada completa fresada de PMMA sobre interfases<\/td>\n      <td>420\u20ac<\/td>\n      <td>1 d\u00eda laborable.<\/td>\n    <\/tr>\n    <tr>\n      <td>Blender titanio\/zirconio monol\u00edtico<\/td>\n      <td>145\u20ac<\/td>\n      <td>5 d\u00edas laborables.<\/td>\n    <\/tr>\n    <tr>\n      <td>Blender PMMA fresado<\/td>\n      <td>65\u20ac<\/td>\n      <td>5 d\u00edas laborables.<\/td>\n    <\/tr>\n    <tr>\n      <td>Blender composite fresado<\/td>\n      <td>85\u20ac<\/td>\n      <td>5 d\u00edas laborables.<\/td>\n    <\/tr>\n    <tr>\n      <td>Blender resina impresa<\/td>\n      <td>5\u20ac<\/td>\n      <td>5 d\u00edas laborables.<\/td>\n    <\/tr>\n    <tr>\n      <td>Pasividad de aluminio por conexi\u00f3n<\/td>\n      <td>50\u20ac<\/td>\n      <td>5 d\u00edas laborables.<\/td>\n    <\/tr>\n    <tr>\n      <td>Enc\u00eda rosa cer\u00e1mica por pieza <\/td>\n      <td>15\u20ac<\/td>\n      <td>5 d\u00edas laborables.<\/td>\n    <\/tr>\n    <tr>\n      <td>Prueba est\u00e9tica<\/td>\n      <td>5\u20ac<\/td>\n      <td>3 d\u00edas laborables.<\/td>\n     <\/tr>\n    <tr>\n        <td>F\u00e9rula quir\u00fargica <\/td>\n      <td>70\u20ac<\/td>\n      <td>3 d\u00edas laborables.<\/td>\n    <\/tr>\n    <tr>\n        <td>F\u00e9rula Michigan fresada <\/td>\n      <td>95\u20ac<\/td>\n      <td>5 d\u00edas laborables.<\/td>\n      <\/tr>\n    <tr>\n       <td>F\u00e9rula Michigan impresa  <\/td>\n      <td>85\u20ac<\/td>\n      <td>5 d\u00edas laborables.<\/td>\n  <\/tbody>\n<\/table>\n\n\t\t\t\t<\/div>\n\t\t\t\t<div class=\"elementor-element elementor-element-849554f elementor-widget elementor-widget-image\" data-id=\"849554f\" data-element_type=\"widget\" data-widget_type=\"image.default\">\n\t\t\t\t\t\t\t\t\t\t\t\t\t\t\t<img fetchpriority=\"high\" decoding=\"async\" width=\"900\" height=\"523\" src=\"https:\/\/www.laboratorios.galimplant.com\/wp-content\/uploads\/2025\/08\/trabajo-tridental-1024x595.jpeg\" class=\"attachment-large size-large wp-image-815\" alt=\"\" srcset=\"https:\/\/www.laboratorios.galimplant.com\/wp-content\/uploads\/2025\/08\/trabajo-tridental-1024x595.jpeg 1024w, https:\/\/www.laboratorios.galimplant.com\/wp-content\/uploads\/2025\/08\/trabajo-tridental-300x174.jpeg 300w, https:\/\/www.laboratorios.galimplant.com\/wp-content\/uploads\/2025\/08\/trabajo-tridental-768x447.jpeg 768w, https:\/\/www.laboratorios.galimplant.com\/wp-content\/uploads\/2025\/08\/trabajo-tridental.jpeg 1290w\" sizes=\"(max-width: 900px) 100vw, 900px\" \/>\t\t\t\t\t\t\t\t\t\t\t\t\t\t\t<\/div>\n\t\t\t\t\t<\/div>\n\t\t<\/div>\n\t\t\t\t\t<\/div>\n\t\t<\/section>\n\t\t\t\t<section class=\"elementor-section elementor-top-section elementor-element elementor-element-15c035a3 elementor-section-boxed elementor-section-height-default elementor-section-height-default\" data-id=\"15c035a3\" data-element_type=\"section\">\n\t\t\t\t\t\t<div class=\"elementor-container elementor-column-gap-default\">\n\t\t\t\t\t<div class=\"elementor-column elementor-col-100 elementor-top-column elementor-element elementor-element-624903ca\" data-id=\"624903ca\" data-element_type=\"column\">\n\t\t\t<div class=\"elementor-widget-wrap elementor-element-populated\">\n\t\t\t\t\t\t<div class=\"elementor-element elementor-element-411f5f5d elementor-widget elementor-widget-spacer\" data-id=\"411f5f5d\" data-element_type=\"widget\" data-widget_type=\"spacer.default\">\n\t\t\t\t\t\t\t<div class=\"elementor-spacer\">\n\t\t\t<div class=\"elementor-spacer-inner\"><\/div>\n\t\t<\/div>\n\t\t\t\t\t\t<\/div>\n\t\t\t\t\t<\/div>\n\t\t<\/div>\n\t\t\t\t\t<\/div>\n\t\t<\/section>\n\t\t\t\t<section class=\"elementor-section elementor-top-section elementor-element elementor-element-68262ed0 elementor-section-boxed elementor-section-height-default elementor-section-height-default\" data-id=\"68262ed0\" data-element_type=\"section\" data-settings=\"{&quot;background_background&quot;:&quot;classic&quot;}\">\n\t\t\t\t\t\t<div class=\"elementor-container elementor-column-gap-default\">\n\t\t\t\t\t<div class=\"elementor-column elementor-col-100 elementor-top-column elementor-element elementor-element-6218ec09\" data-id=\"6218ec09\" data-element_type=\"column\">\n\t\t\t<div class=\"elementor-widget-wrap elementor-element-populated\">\n\t\t\t\t\t\t<div class=\"elementor-element elementor-element-6e9dcf0a elementor-align-center elementor-widget elementor-widget-button\" data-id=\"6e9dcf0a\" data-element_type=\"widget\" data-widget_type=\"button.default\">\n\t\t\t\t\t\t\t\t\t\t<a class=\"elementor-button elementor-button-link elementor-size-sm\" href=\"https:\/\/www.laboratorios.galimplant.com\/#mapalaboratorios\">\n\t\t\t\t\t\t<span class=\"elementor-button-content-wrapper\">\n\t\t\t\t\t\t\t\t\t<span class=\"elementor-button-text\">VER OTRAS PROVINCIAS<\/span>\n\t\t\t\t\t<\/span>\n\t\t\t\t\t<\/a>\n\t\t\t\t\t\t\t\t<\/div>\n\t\t\t\t\t<\/div>\n\t\t<\/div>\n\t\t\t\t\t<\/div>\n\t\t<\/section>\n\t\t\t\t<section class=\"elementor-section elementor-top-section elementor-element elementor-element-7065c589 elementor-section-boxed elementor-section-height-default elementor-section-height-default\" data-id=\"7065c589\" data-element_type=\"section\">\n\t\t\t\t\t\t<div class=\"elementor-container elementor-column-gap-default\">\n\t\t\t\t\t<div class=\"elementor-column elementor-col-100 elementor-top-column elementor-element elementor-element-114b39d5\" data-id=\"114b39d5\" data-element_type=\"column\">\n\t\t\t<div class=\"elementor-widget-wrap elementor-element-populated\">\n\t\t\t\t\t\t<div class=\"elementor-element elementor-element-29126e93 elementor-widget elementor-widget-spacer\" data-id=\"29126e93\" data-element_type=\"widget\" data-widget_type=\"spacer.default\">\n\t\t\t\t\t\t\t<div class=\"elementor-spacer\">\n\t\t\t<div class=\"elementor-spacer-inner\"><\/div>\n\t\t<\/div>\n\t\t\t\t\t\t<\/div>\n\t\t\t\t\t<\/div>\n\t\t<\/div>\n\t\t\t\t\t<\/div>\n\t\t<\/section>\n\t\t\t\t<\/div>\n\t\t","protected":false},"excerpt":{"rendered":"<p>LABORATORIOS EN ZARAGOZA Descubre nuestra red de laboratorios en la provincia de Zaragoza Tridentalab + 34 634 420 415 &#8211; Jos\u00e9 \u00c1ngel 3dentallaboratorio@gmail.com Producto Importe Tiempos de fabricaci\u00f3n Corona monol\u00edtica de zirconio sobre interfase 125\u20ac 5 d\u00edas laborables. Corona monol\u00edtica de zirconio sobre diente 95\u20ac 5 d\u00edas laborables. Corona metal cer\u00e1mica sobre pilar 120\u20ac 5 &#8230; <a title=\"Zaragoza\" class=\"read-more\" href=\"https:\/\/www.laboratorios.galimplant.com\/index.php\/zaragoza\/\" aria-label=\"Leer m\u00e1s sobre Zaragoza\">Leer m\u00e1s<\/a><\/p>\n","protected":false},"author":1,"featured_media":0,"parent":0,"menu_order":0,"comment_status":"closed","ping_status":"closed","template":"elementor_header_footer","meta":{"footnotes":""},"class_list":["post-274","page","type-page","status-publish"],"_links":{"self":[{"href":"https:\/\/www.laboratorios.galimplant.com\/index.php\/wp-json\/wp\/v2\/pages\/274","targetHints":{"allow":["GET"]}}],"collection":[{"href":"https:\/\/www.laboratorios.galimplant.com\/index.php\/wp-json\/wp\/v2\/pages"}],"about":[{"href":"https:\/\/www.laboratorios.galimplant.com\/index.php\/wp-json\/wp\/v2\/types\/page"}],"author":[{"embeddable":true,"href":"https:\/\/www.laboratorios.galimplant.com\/index.php\/wp-json\/wp\/v2\/users\/1"}],"replies":[{"embeddable":true,"href":"https:\/\/www.laboratorios.galimplant.com\/index.php\/wp-json\/wp\/v2\/comments?post=274"}],"version-history":[{"count":25,"href":"https:\/\/www.laboratorios.galimplant.com\/index.php\/wp-json\/wp\/v2\/pages\/274\/revisions"}],"predecessor-version":[{"id":1664,"href":"https:\/\/www.laboratorios.galimplant.com\/index.php\/wp-json\/wp\/v2\/pages\/274\/revisions\/1664"}],"wp:attachment":[{"href":"https:\/\/www.laboratorios.galimplant.com\/index.php\/wp-json\/wp\/v2\/media?parent=274"}],"curies":[{"name":"wp","href":"https:\/\/api.w.org\/{rel}","templated":true}]}}