{"id":257,"date":"2025-08-12T12:24:49","date_gmt":"2025-08-12T10:24:49","guid":{"rendered":"https:\/\/www.laboratorios.galimplant.com\/?page_id=257"},"modified":"2026-03-27T14:09:01","modified_gmt":"2026-03-27T13:09:01","slug":"sobre-nosotros","status":"publish","type":"page","link":"https:\/\/www.laboratorios.galimplant.com\/index.php\/sobre-nosotros\/","title":{"rendered":"Sobre nosotros"},"content":{"rendered":"\t\t<div data-elementor-type=\"wp-page\" data-elementor-id=\"257\" class=\"elementor elementor-257\" data-elementor-post-type=\"page\">\n\t\t\t\t<div class=\"elementor-element elementor-element-eedad79 e-flex e-con-boxed e-con e-parent\" data-id=\"eedad79\" data-element_type=\"container\" data-settings=\"{&quot;background_background&quot;:&quot;classic&quot;}\">\n\t\t\t\t\t<div class=\"e-con-inner\">\n\t\t<div class=\"elementor-element elementor-element-eb90830 e-con-full e-flex e-con e-child\" data-id=\"eb90830\" data-element_type=\"container\">\n\t\t\t\t<div class=\"elementor-element elementor-element-5a11dd8 elementor-widget-divider--view-line elementor-widget elementor-widget-divider\" data-id=\"5a11dd8\" data-element_type=\"widget\" data-widget_type=\"divider.default\">\n\t\t\t\t\t\t\t<div class=\"elementor-divider\">\n\t\t\t<span class=\"elementor-divider-separator\">\n\t\t\t\t\t\t<\/span>\n\t\t<\/div>\n\t\t\t\t\t\t<\/div>\n\t\t\t\t<\/div>\n\t\t<div class=\"elementor-element elementor-element-e323ddc e-con-full e-flex e-con e-child\" data-id=\"e323ddc\" data-element_type=\"container\">\n\t\t\t\t<div class=\"elementor-element elementor-element-9ca76f2 elementor-widget elementor-widget-heading\" data-id=\"9ca76f2\" data-element_type=\"widget\" data-widget_type=\"heading.default\">\n\t\t\t\t\t<h2 class=\"elementor-heading-title elementor-size-default\">Sobre nosotros<\/h2>\t\t\t\t<\/div>\n\t\t\t\t<\/div>\n\t\t<div class=\"elementor-element elementor-element-c2592b4 e-con-full e-flex e-con e-child\" data-id=\"c2592b4\" data-element_type=\"container\">\n\t\t\t\t<div class=\"elementor-element elementor-element-333b349 elementor-widget-divider--view-line elementor-widget elementor-widget-divider\" data-id=\"333b349\" data-element_type=\"widget\" data-widget_type=\"divider.default\">\n\t\t\t\t\t\t\t<div class=\"elementor-divider\">\n\t\t\t<span class=\"elementor-divider-separator\">\n\t\t\t\t\t\t<\/span>\n\t\t<\/div>\n\t\t\t\t\t\t<\/div>\n\t\t\t\t<\/div>\n\t\t\t\t\t<\/div>\n\t\t\t\t<\/div>\n\t\t<div class=\"elementor-element elementor-element-b388fef e-flex e-con-boxed e-con e-parent\" data-id=\"b388fef\" data-element_type=\"container\" data-settings=\"{&quot;background_background&quot;:&quot;classic&quot;}\">\n\t\t\t\t\t<div class=\"e-con-inner\">\n\t\t<div class=\"elementor-element elementor-element-99bb3a8 e-con-full e-flex e-con e-child\" data-id=\"99bb3a8\" data-element_type=\"container\">\n\t\t\t\t<div class=\"elementor-element elementor-element-500662c elementor-headline--style-highlight elementor-widget elementor-widget-animated-headline\" data-id=\"500662c\" data-element_type=\"widget\" data-settings=\"{&quot;marker&quot;:&quot;underline&quot;,&quot;highlighted_text&quot;:&quot;filosof\\u00eda&quot;,&quot;highlight_animation_duration&quot;:1256,&quot;headline_style&quot;:&quot;highlight&quot;}\" data-widget_type=\"animated-headline.default\">\n\t\t\t\t\t\t\t<h3 class=\"elementor-headline\">\n\t\t\t\t\t<span class=\"elementor-headline-plain-text elementor-headline-text-wrapper\">La<\/span>\n\t\t\t\t<span class=\"elementor-headline-dynamic-wrapper elementor-headline-text-wrapper\">\n\t\t\t\t\t<span class=\"elementor-headline-dynamic-text elementor-headline-text-active\">filosof\u00eda<\/span>\n\t\t\t\t<\/span>\n\t\t\t\t\t<span class=\"elementor-headline-plain-text elementor-headline-text-wrapper\">que nos une<\/span>\n\t\t\t\t\t<\/h3>\n\t\t\t\t\t\t<\/div>\n\t\t\t\t<div class=\"elementor-element elementor-element-de55731 elementor-widget elementor-widget-text-editor\" data-id=\"de55731\" data-element_type=\"widget\" data-widget_type=\"text-editor.default\">\n\t\t\t\t\t\t\t\t\t<p>Aqu\u00ed encontrar\u00e1s una <b>selecci\u00f3n de laboratorios<\/b> con los que mantenemos una estrecha colaboraci\u00f3n. Son centros de confianza que comparten la <b>filosof\u00eda de trabajo de Galimplant<\/b>, comprometidos con la <b>excelencia<\/b>, la <b>innovaci\u00f3n<\/b> y la <b>seguridad<\/b> del paciente.<\/p>\t\t\t\t\t\t\t\t<\/div>\n\t\t\t\t<\/div>\n\t\t<div class=\"elementor-element elementor-element-2a8f940 e-con-full e-flex e-con e-child\" data-id=\"2a8f940\" data-element_type=\"container\">\n\t\t\t\t<div class=\"elementor-element elementor-element-1c81cb8 e-transform elementor-widget elementor-widget-image\" data-id=\"1c81cb8\" data-element_type=\"widget\" data-settings=\"{&quot;_transform_scale_effect_hover&quot;:{&quot;unit&quot;:&quot;px&quot;,&quot;size&quot;:1.1,&quot;sizes&quot;:[]},&quot;_transform_scale_effect_hover_tablet&quot;:{&quot;unit&quot;:&quot;px&quot;,&quot;size&quot;:&quot;&quot;,&quot;sizes&quot;:[]},&quot;_transform_scale_effect_hover_mobile&quot;:{&quot;unit&quot;:&quot;px&quot;,&quot;size&quot;:&quot;&quot;,&quot;sizes&quot;:[]}}\" data-widget_type=\"image.default\">\n\t\t\t\t\t\t\t\t\t\t\t\t\t\t\t\t<a href=\"https:\/\/www.galimplant.com\/\">\n\t\t\t\t\t\t\t<img fetchpriority=\"high\" decoding=\"async\" width=\"834\" height=\"834\" src=\"https:\/\/www.laboratorios.galimplant.com\/wp-content\/uploads\/2026\/03\/logo-galimplant-blanco-02.png\" class=\"attachment-full size-full wp-image-1825\" alt=\"\" srcset=\"https:\/\/www.laboratorios.galimplant.com\/wp-content\/uploads\/2026\/03\/logo-galimplant-blanco-02.png 834w, https:\/\/www.laboratorios.galimplant.com\/wp-content\/uploads\/2026\/03\/logo-galimplant-blanco-02-300x300.png 300w, https:\/\/www.laboratorios.galimplant.com\/wp-content\/uploads\/2026\/03\/logo-galimplant-blanco-02-150x150.png 150w, https:\/\/www.laboratorios.galimplant.com\/wp-content\/uploads\/2026\/03\/logo-galimplant-blanco-02-768x768.png 768w\" sizes=\"(max-width: 834px) 100vw, 834px\" \/>\t\t\t\t\t\t\t\t<\/a>\n\t\t\t\t\t\t\t\t\t\t\t\t\t\t\t<\/div>\n\t\t\t\t<\/div>\n\t\t\t\t\t<\/div>\n\t\t\t\t<\/div>\n\t\t<div class=\"elementor-element elementor-element-a32e09f e-flex e-con-boxed e-con e-parent\" data-id=\"a32e09f\" data-element_type=\"container\" data-settings=\"{&quot;background_background&quot;:&quot;classic&quot;}\">\n\t\t\t\t\t<div class=\"e-con-inner\">\n\t\t<div class=\"elementor-element elementor-element-53db6e4 e-con-full e-flex e-con e-child\" data-id=\"53db6e4\" data-element_type=\"container\">\n\t\t\t\t<div class=\"elementor-element elementor-element-8b4db32 elementor-align-center e-transform elementor-mobile-align-center elementor-widget elementor-widget-button\" data-id=\"8b4db32\" data-element_type=\"widget\" data-settings=\"{&quot;_transform_scale_effect_hover&quot;:{&quot;unit&quot;:&quot;px&quot;,&quot;size&quot;:1.1,&quot;sizes&quot;:[]},&quot;_transform_scale_effect_hover_tablet&quot;:{&quot;unit&quot;:&quot;px&quot;,&quot;size&quot;:&quot;&quot;,&quot;sizes&quot;:[]},&quot;_transform_scale_effect_hover_mobile&quot;:{&quot;unit&quot;:&quot;px&quot;,&quot;size&quot;:&quot;&quot;,&quot;sizes&quot;:[]}}\" data-widget_type=\"button.default\">\n\t\t\t\t\t\t\t\t\t\t<a class=\"elementor-button elementor-button-link elementor-size-sm\" href=\"https:\/\/www.laboratorios.galimplant.com\/#mapalaboratorios\">\n\t\t\t\t\t\t<span class=\"elementor-button-content-wrapper\">\n\t\t\t\t\t\t\t\t\t<span class=\"elementor-button-text\">ENCUENTRA TU LABORATORIO<\/span>\n\t\t\t\t\t<\/span>\n\t\t\t\t\t<\/a>\n\t\t\t\t\t\t\t\t<\/div>\n\t\t\t\t<\/div>\n\t\t<div class=\"elementor-element elementor-element-4213fb6 e-con-full e-flex e-con e-child\" data-id=\"4213fb6\" data-element_type=\"container\">\n\t\t\t\t<div class=\"elementor-element elementor-element-75ef60a elementor-widget elementor-widget-heading\" data-id=\"75ef60a\" data-element_type=\"widget\" data-widget_type=\"heading.default\">\n\t\t\t\t\t<h3 class=\"elementor-heading-title elementor-size-default\">Accede a nuestra red de laboratorios<\/h3>\t\t\t\t<\/div>\n\t\t\t\t<div class=\"elementor-element elementor-element-4519698 elementor-widget elementor-widget-text-editor\" data-id=\"4519698\" data-element_type=\"widget\" data-widget_type=\"text-editor.default\">\n\t\t\t\t\t\t\t\t\t<p>Explora entre nuestros laboratorios colaboradores y encuentra el que mejor se adapte a tus necesidades profesionales.<\/p>\t\t\t\t\t\t\t\t<\/div>\n\t\t\t\t<\/div>\n\t\t\t\t\t<\/div>\n\t\t\t\t<\/div>\n\t\t\t\t<\/div>\n\t\t","protected":false},"excerpt":{"rendered":"<p>Sobre nosotros La filosof\u00eda que nos une Aqu\u00ed encontrar\u00e1s una selecci\u00f3n de laboratorios con los que mantenemos una estrecha colaboraci\u00f3n. Son centros de confianza que comparten la filosof\u00eda de trabajo de Galimplant, comprometidos con la excelencia, la innovaci\u00f3n y la seguridad del paciente. ENCUENTRA TU LABORATORIO Accede a nuestra red de laboratorios Explora entre nuestros &#8230; <a title=\"Sobre nosotros\" class=\"read-more\" href=\"https:\/\/www.laboratorios.galimplant.com\/index.php\/sobre-nosotros\/\" aria-label=\"Leer m\u00e1s sobre Sobre nosotros\">Leer m\u00e1s<\/a><\/p>\n","protected":false},"author":1,"featured_media":0,"parent":0,"menu_order":0,"comment_status":"closed","ping_status":"closed","template":"elementor_header_footer","meta":{"footnotes":""},"class_list":["post-257","page","type-page","status-publish"],"_links":{"self":[{"href":"https:\/\/www.laboratorios.galimplant.com\/index.php\/wp-json\/wp\/v2\/pages\/257","targetHints":{"allow":["GET"]}}],"collection":[{"href":"https:\/\/www.laboratorios.galimplant.com\/index.php\/wp-json\/wp\/v2\/pages"}],"about":[{"href":"https:\/\/www.laboratorios.galimplant.com\/index.php\/wp-json\/wp\/v2\/types\/page"}],"author":[{"embeddable":true,"href":"https:\/\/www.laboratorios.galimplant.com\/index.php\/wp-json\/wp\/v2\/users\/1"}],"replies":[{"embeddable":true,"href":"https:\/\/www.laboratorios.galimplant.com\/index.php\/wp-json\/wp\/v2\/comments?post=257"}],"version-history":[{"count":60,"href":"https:\/\/www.laboratorios.galimplant.com\/index.php\/wp-json\/wp\/v2\/pages\/257\/revisions"}],"predecessor-version":[{"id":1835,"href":"https:\/\/www.laboratorios.galimplant.com\/index.php\/wp-json\/wp\/v2\/pages\/257\/revisions\/1835"}],"wp:attachment":[{"href":"https:\/\/www.laboratorios.galimplant.com\/index.php\/wp-json\/wp\/v2\/media?parent=257"}],"curies":[{"name":"wp","href":"https:\/\/api.w.org\/{rel}","templated":true}]}}