{"id":1762,"date":"2025-11-25T09:27:10","date_gmt":"2025-11-25T08:27:10","guid":{"rendered":"https:\/\/www.laboratorios.galimplant.com\/?page_id=1762"},"modified":"2025-11-25T09:52:54","modified_gmt":"2025-11-25T08:52:54","slug":"jaen","status":"publish","type":"page","link":"https:\/\/www.laboratorios.galimplant.com\/index.php\/jaen\/","title":{"rendered":"Ja\u00e9n"},"content":{"rendered":"\t\t<div data-elementor-type=\"wp-page\" data-elementor-id=\"1762\" class=\"elementor elementor-1762\" data-elementor-post-type=\"page\">\n\t\t\t\t<div class=\"elementor-element elementor-element-979e6f5 e-flex e-con-boxed e-con e-parent\" data-id=\"979e6f5\" data-element_type=\"container\">\n\t\t\t\t\t<div class=\"e-con-inner\">\n\t\t\t\t<div class=\"elementor-element elementor-element-49a36b2 elementor-widget elementor-widget-spacer\" data-id=\"49a36b2\" data-element_type=\"widget\" data-widget_type=\"spacer.default\">\n\t\t\t\t\t\t\t<div class=\"elementor-spacer\">\n\t\t\t<div class=\"elementor-spacer-inner\"><\/div>\n\t\t<\/div>\n\t\t\t\t\t\t<\/div>\n\t\t\t\t\t<\/div>\n\t\t\t\t<\/div>\n\t\t\t\t<section class=\"elementor-section elementor-top-section elementor-element elementor-element-dc5dbfd elementor-section-boxed elementor-section-height-default elementor-section-height-default\" data-id=\"dc5dbfd\" data-element_type=\"section\" data-settings=\"{&quot;background_background&quot;:&quot;classic&quot;}\">\n\t\t\t\t\t\t<div class=\"elementor-container elementor-column-gap-default\">\n\t\t\t\t\t<div class=\"elementor-column elementor-col-100 elementor-top-column elementor-element elementor-element-d02adee\" data-id=\"d02adee\" data-element_type=\"column\">\n\t\t\t<div class=\"elementor-widget-wrap elementor-element-populated\">\n\t\t\t\t\t\t<div class=\"elementor-element elementor-element-6112ccd elementor-widget elementor-widget-heading\" data-id=\"6112ccd\" data-element_type=\"widget\" data-widget_type=\"heading.default\">\n\t\t\t\t\t<h1 class=\"elementor-heading-title elementor-size-default\">LABORATORIOS EN JA\u00c9N<\/h1>\t\t\t\t<\/div>\n\t\t\t\t<div class=\"elementor-element elementor-element-2f59e33 elementor-widget elementor-widget-text-editor\" data-id=\"2f59e33\" data-element_type=\"widget\" data-widget_type=\"text-editor.default\">\n\t\t\t\t\t\t\t\t\t<p>Descubre nuestra red de laboratorios en la provincia de Ja\u00e9n<\/p>\t\t\t\t\t\t\t\t<\/div>\n\t\t\t\t\t<\/div>\n\t\t<\/div>\n\t\t\t\t\t<\/div>\n\t\t<\/section>\n\t\t\t\t<section class=\"elementor-section elementor-top-section elementor-element elementor-element-2a45424 elementor-section-boxed elementor-section-height-default elementor-section-height-default\" data-id=\"2a45424\" data-element_type=\"section\">\n\t\t\t\t\t\t<div class=\"elementor-container elementor-column-gap-default\">\n\t\t\t\t\t<div class=\"elementor-column elementor-col-100 elementor-top-column elementor-element elementor-element-2f6ebc4\" data-id=\"2f6ebc4\" data-element_type=\"column\">\n\t\t\t<div class=\"elementor-widget-wrap elementor-element-populated\">\n\t\t\t\t\t\t<div class=\"elementor-element elementor-element-b85a517 elementor-widget elementor-widget-spacer\" data-id=\"b85a517\" data-element_type=\"widget\" data-widget_type=\"spacer.default\">\n\t\t\t\t\t\t\t<div class=\"elementor-spacer\">\n\t\t\t<div class=\"elementor-spacer-inner\"><\/div>\n\t\t<\/div>\n\t\t\t\t\t\t<\/div>\n\t\t\t\t\t<\/div>\n\t\t<\/div>\n\t\t\t\t\t<\/div>\n\t\t<\/section>\n\t\t\t\t<section class=\"elementor-section elementor-top-section elementor-element elementor-element-520dc17 elementor-section-boxed elementor-section-height-default elementor-section-height-default\" data-id=\"520dc17\" data-element_type=\"section\">\n\t\t\t\t\t\t<div class=\"elementor-container elementor-column-gap-default\">\n\t\t\t\t\t<div class=\"elementor-column elementor-col-100 elementor-top-column elementor-element elementor-element-6f1500d\" data-id=\"6f1500d\" data-element_type=\"column\">\n\t\t\t<div class=\"elementor-widget-wrap elementor-element-populated\">\n\t\t\t\t\t\t<div class=\"elementor-element elementor-element-cb9e95e elementor-widget elementor-widget-spacer\" data-id=\"cb9e95e\" data-element_type=\"widget\" data-widget_type=\"spacer.default\">\n\t\t\t\t\t\t\t<div class=\"elementor-spacer\">\n\t\t\t<div class=\"elementor-spacer-inner\"><\/div>\n\t\t<\/div>\n\t\t\t\t\t\t<\/div>\n\t\t\t\t\t<\/div>\n\t\t<\/div>\n\t\t\t\t\t<\/div>\n\t\t<\/section>\n\t\t\t\t<section class=\"elementor-section elementor-top-section elementor-element elementor-element-876449c elementor-section-boxed elementor-section-height-default elementor-section-height-default\" data-id=\"876449c\" data-element_type=\"section\">\n\t\t\t\t\t\t<div class=\"elementor-container elementor-column-gap-default\">\n\t\t\t\t\t<div class=\"elementor-column elementor-col-100 elementor-top-column elementor-element elementor-element-85f9bb5 animated-fast elementor-invisible\" data-id=\"85f9bb5\" data-element_type=\"column\" data-settings=\"{&quot;animation&quot;:&quot;slideInRight&quot;,&quot;background_background&quot;:&quot;classic&quot;}\">\n\t\t\t<div class=\"elementor-widget-wrap elementor-element-populated\">\n\t\t\t\t\t\t<div class=\"elementor-element elementor-element-4620f08 elementor-widget elementor-widget-image\" data-id=\"4620f08\" data-element_type=\"widget\" data-widget_type=\"image.default\">\n\t\t\t\t\t\t\t\t\t\t\t\t\t\t\t<img decoding=\"async\" width=\"263\" height=\"158\" src=\"https:\/\/www.laboratorios.galimplant.com\/wp-content\/uploads\/2025\/11\/Logo-Laboratorio.jpg\" class=\"attachment-large size-large wp-image-1766\" alt=\"\" \/>\t\t\t\t\t\t\t\t\t\t\t\t\t\t\t<\/div>\n\t\t\t\t<div class=\"elementor-element elementor-element-c6720a0 elementor-widget elementor-widget-heading\" data-id=\"c6720a0\" data-element_type=\"widget\" data-widget_type=\"heading.default\">\n\t\t\t\t\t<h2 class=\"elementor-heading-title elementor-size-default\">Laboratorio Dental Ansodent<\/h2>\t\t\t\t<\/div>\n\t\t\t\t<div class=\"elementor-element elementor-element-9e0fbe3 elementor-icon-list--layout-traditional elementor-list-item-link-full_width elementor-widget elementor-widget-icon-list\" data-id=\"9e0fbe3\" data-element_type=\"widget\" data-widget_type=\"icon-list.default\">\n\t\t\t\t\t\t\t<ul class=\"elementor-icon-list-items\">\n\t\t\t\t\t\t\t<li class=\"elementor-icon-list-item\">\n\t\t\t\t\t\t\t\t\t\t\t<span class=\"elementor-icon-list-icon\">\n\t\t\t\t\t\t\t<svg aria-hidden=\"true\" class=\"e-font-icon-svg e-fas-phone-alt\" viewBox=\"0 0 512 512\" xmlns=\"http:\/\/www.w3.org\/2000\/svg\"><path d=\"M497.39 361.8l-112-48a24 24 0 0 0-28 6.9l-49.6 60.6A370.66 370.66 0 0 1 130.6 204.11l60.6-49.6a23.94 23.94 0 0 0 6.9-28l-48-112A24.16 24.16 0 0 0 122.6.61l-104 24A24 24 0 0 0 0 48c0 256.5 207.9 464 464 464a24 24 0 0 0 23.4-18.6l24-104a24.29 24.29 0 0 0-14.01-27.6z\"><\/path><\/svg>\t\t\t\t\t\t<\/span>\n\t\t\t\t\t\t\t\t\t\t<span class=\"elementor-icon-list-text\">+ 34 953 742 877 - \u00c1<i>ngel Gabriel<\/i><\/span>\n\t\t\t\t\t\t\t\t\t<\/li>\n\t\t\t\t\t\t\t\t<li class=\"elementor-icon-list-item\">\n\t\t\t\t\t\t\t\t\t\t\t<span class=\"elementor-icon-list-icon\">\n\t\t\t\t\t\t\t<svg aria-hidden=\"true\" class=\"e-font-icon-svg e-fas-envelope\" viewBox=\"0 0 512 512\" xmlns=\"http:\/\/www.w3.org\/2000\/svg\"><path d=\"M502.3 190.8c3.9-3.1 9.7-.2 9.7 4.7V400c0 26.5-21.5 48-48 48H48c-26.5 0-48-21.5-48-48V195.6c0-5 5.7-7.8 9.7-4.7 22.4 17.4 52.1 39.5 154.1 113.6 21.1 15.4 56.7 47.8 92.2 47.6 35.7.3 72-32.8 92.3-47.6 102-74.1 131.6-96.3 154-113.7zM256 320c23.2.4 56.6-29.2 73.4-41.4 132.7-96.3 142.8-104.7 173.4-128.7 5.8-4.5 9.2-11.5 9.2-18.9v-19c0-26.5-21.5-48-48-48H48C21.5 64 0 85.5 0 112v19c0 7.4 3.4 14.3 9.2 18.9 30.6 23.9 40.7 32.4 173.4 128.7 16.8 12.2 50.2 41.8 73.4 41.4z\"><\/path><\/svg>\t\t\t\t\t\t<\/span>\n\t\t\t\t\t\t\t\t\t\t<span class=\"elementor-icon-list-text\">ansodent@hotmail.com<\/span>\n\t\t\t\t\t\t\t\t\t<\/li>\n\t\t\t\t\t\t<\/ul>\n\t\t\t\t\t\t<\/div>\n\t\t\t\t<div class=\"elementor-element elementor-element-388c40c elementor-widget elementor-widget-html\" data-id=\"388c40c\" data-element_type=\"widget\" data-widget_type=\"html.default\">\n\t\t\t\t\t<!-- Aseg\u00farate de que Montserrat est\u00e9 cargada -->\n<link href=\"https:\/\/fonts.googleapis.com\/css2?family=Montserrat:wght@400;600;700&display=swap\" rel=\"stylesheet\">\n\n<style>\n  .tabla-productos {\n    font-family: 'Montserrat', sans-serif;\n    border-collapse: collapse;\n    width: 100%;\n    margin: 20px 0;\n    font-size: 14px;\n  }\n\n  .tabla-productos thead {\n    background-color: #001e50; \/* azul oscuro *\/\n    color: #fff;\n    font-weight: 700;\n  }\n\n  .tabla-productos th,\n  .tabla-productos td {\n    padding: 12px 10px;\n    border: 1px solid #ccc;\n    text-align: left;\n  }\n\n  .tabla-productos tbody tr:nth-child(even) {\n    background-color: #f9f9f9;\n  }\n\n  .tabla-productos td {\n    font-weight: 400;\n  }\n\n  .tabla-productos th {\n    font-weight: 700;\n  }\n<\/style>\n\n<table class=\"tabla-productos\">\n  <thead>\n    <tr>\n      <th>Producto<\/th>\n      <th>Importe<\/th>\n      <th>Tiempos de fabricaci\u00f3n<\/th>\n    <\/tr>\n  <\/thead>\n  <tbody>\n     <tr>\n      <td>Corona monol\u00edtica de zirconio sobre interfase<\/td>\n      <td>130\u20ac (Zirconio Multicapa)<\/td>\n      <td>3-5 d\u00edas (Digital-Anal\u00f3gico)<\/td>\n    <\/tr>\n    <tr>\n      <td>Corona monol\u00edtica de zirconio sobre diente<\/td>\n      <td>100\u20ac (Zirconio Multicapa)<\/td>\n      <td>3 d\u00edas.<\/td>\n    <\/tr>\n    <tr>\n      <td>Corona metal cer\u00e1mica sobre pilar<\/td>\n      <td>145\u20ac (Sinterizado rectificado)<\/td>\n      <td>5-7 d\u00edas (Digital-Anal\u00f3gico).<\/td>\n    <\/tr>\n    <tr>\n      <td>Corona metal cer\u00e1mica sobre diente<\/td>\n      <td>110\u20ac (Sinterizado)<\/td>\n      <td>5-7 d\u00edas.<\/td>\n    <\/tr>\n    <tr>\n      <td>Carga inmediata fresada por pieza PMMA<\/td>\n      <td>30\u20ac<\/td>\n      <td>1-2 d\u00edas.<\/td>\n    <\/tr>\n    <tr>\n      <td>Carga inmediata impresa por pieza sobre interfase<\/td>\n      <td>25\u20ac<\/td>\n      <td>1-2 d\u00edas.<\/td>\n    <\/tr>\n    <tr>\n      <td>Provisional resina sobre diente<\/td>\n      <td>20\u20ac PMMA<\/td>\n      <td>1-2 d\u00edas.<\/td>\n    <\/tr>\n    <tr>\n      <td>Arcada completa monol\u00edtica de zirconio sobre interfases<\/td>\n      <td>1.560\u20ac<\/td>\n      <td>5-9 d\u00edas<\/td>\n    <\/tr>\n    <tr>\n      <td>Arcada completa fresada de PMMA sobre interfases<\/td>\n      <td>360\u20ac<\/td>\n      <td>2-5 d\u00edas.<\/td>\n    <\/tr>\n    <tr>\n      <td>Blender titanio\/zirconio monol\u00edtico<\/td>\n      <td>2.100\u20ac (12 piezas + barra titanio 4 impl).<\/td>\n      <td>-<\/td>\n    <\/tr>\n    <tr>\n      <td>Blender PMMA fresado<\/td>\n      <td>450\u20ac + 150\u20ac tramo barra de Ti.<\/td>\n      <td>5-9 d\u00edas.<\/td>\n    <\/tr>\n    <tr>\n      <td>Blender composite fresado<\/td>\n      <td>1.450\u20ac para blender 4 impl.<\/td>\n      <td>5-9 d\u00edas.<\/td>\n    <\/tr>\n    <tr>\n      <td>Blender resina impresa<\/td>\n      <td>350\u20ac + 150\u20ac tramo de barra de Ti.<\/td>\n      <td>5-9 d\u00edas.<\/td>\n    <\/tr>\n    <tr>\n      <td>Pasividad de aluminio por conexi\u00f3n<\/td>\n      <td>20\u20ac<\/td>\n      <td>1-3 d\u00edas.<\/td>\n    <\/tr>\n    <tr>\n      <td>Enc\u00eda rosa cer\u00e1mica por pieza <\/td>\n      <td>25\u20ac<\/td>\n      <td>1-3 d\u00edas.<\/td>\n    <\/tr>\n    <tr>\n      <td>Prueba est\u00e9tica<\/td>\n      <td>0\u20ac (Primeras 2 pruebas resto 10\u20ac tramo)<\/td>\n      <td>1-3 d\u00edas.<\/td>\n     <\/tr>\n    <tr>\n        <td>F\u00e9rula quir\u00fargica <\/td>\n      <td>-<\/td>\n      <td>-<\/td>\n    <\/tr>\n    <tr>\n        <td>F\u00e9rula Michigan fresada <\/td>\n      <td>150\u20ac<\/td>\n      <td>1-3 d\u00edas.<\/td>\n      <\/tr>\n    <tr>\n       <td>F\u00e9rula Michigan impresa  <\/td>\n      <td>-<\/td>\n      <td>-<\/td>\n  <\/tbody>\n<\/table>\n\t\t\t\t<\/div>\n\t\t\t\t<div class=\"elementor-element elementor-element-02ce554 elementor-widget elementor-widget-image\" data-id=\"02ce554\" data-element_type=\"widget\" data-widget_type=\"image.default\">\n\t\t\t\t\t\t\t\t\t\t\t\t\t\t\t<img fetchpriority=\"high\" decoding=\"async\" width=\"900\" height=\"649\" src=\"https:\/\/www.laboratorios.galimplant.com\/wp-content\/uploads\/2025\/11\/Imagen-de-WhatsApp-2025-10-24-a-las-12.47.12_26b83060-e1764059306821-1024x738.jpg\" class=\"attachment-large size-large wp-image-1767\" alt=\"\" srcset=\"https:\/\/www.laboratorios.galimplant.com\/wp-content\/uploads\/2025\/11\/Imagen-de-WhatsApp-2025-10-24-a-las-12.47.12_26b83060-e1764059306821-1024x738.jpg 1024w, https:\/\/www.laboratorios.galimplant.com\/wp-content\/uploads\/2025\/11\/Imagen-de-WhatsApp-2025-10-24-a-las-12.47.12_26b83060-e1764059306821-300x216.jpg 300w, https:\/\/www.laboratorios.galimplant.com\/wp-content\/uploads\/2025\/11\/Imagen-de-WhatsApp-2025-10-24-a-las-12.47.12_26b83060-e1764059306821-768x554.jpg 768w, https:\/\/www.laboratorios.galimplant.com\/wp-content\/uploads\/2025\/11\/Imagen-de-WhatsApp-2025-10-24-a-las-12.47.12_26b83060-e1764059306821.jpg 1118w\" sizes=\"(max-width: 900px) 100vw, 900px\" \/>\t\t\t\t\t\t\t\t\t\t\t\t\t\t\t<\/div>\n\t\t\t\t\t<\/div>\n\t\t<\/div>\n\t\t\t\t\t<\/div>\n\t\t<\/section>\n\t\t\t\t<section class=\"elementor-section elementor-top-section elementor-element elementor-element-aeeedf5 elementor-section-boxed elementor-section-height-default elementor-section-height-default\" data-id=\"aeeedf5\" data-element_type=\"section\">\n\t\t\t\t\t\t<div class=\"elementor-container elementor-column-gap-default\">\n\t\t\t\t\t<div class=\"elementor-column elementor-col-100 elementor-top-column elementor-element elementor-element-df3f416\" data-id=\"df3f416\" data-element_type=\"column\">\n\t\t\t<div class=\"elementor-widget-wrap elementor-element-populated\">\n\t\t\t\t\t\t<div class=\"elementor-element elementor-element-d7d3fd4 elementor-widget elementor-widget-spacer\" data-id=\"d7d3fd4\" data-element_type=\"widget\" data-widget_type=\"spacer.default\">\n\t\t\t\t\t\t\t<div class=\"elementor-spacer\">\n\t\t\t<div class=\"elementor-spacer-inner\"><\/div>\n\t\t<\/div>\n\t\t\t\t\t\t<\/div>\n\t\t\t\t\t<\/div>\n\t\t<\/div>\n\t\t\t\t\t<\/div>\n\t\t<\/section>\n\t\t\t\t<section class=\"elementor-section elementor-top-section elementor-element elementor-element-26868fa elementor-section-boxed elementor-section-height-default elementor-section-height-default\" data-id=\"26868fa\" data-element_type=\"section\" data-settings=\"{&quot;background_background&quot;:&quot;classic&quot;}\">\n\t\t\t\t\t\t<div class=\"elementor-container elementor-column-gap-default\">\n\t\t\t\t\t<div class=\"elementor-column elementor-col-100 elementor-top-column elementor-element elementor-element-480113e\" data-id=\"480113e\" data-element_type=\"column\">\n\t\t\t<div class=\"elementor-widget-wrap elementor-element-populated\">\n\t\t\t\t\t\t<div class=\"elementor-element elementor-element-179e995 elementor-align-center elementor-widget elementor-widget-button\" data-id=\"179e995\" data-element_type=\"widget\" data-widget_type=\"button.default\">\n\t\t\t\t\t\t\t\t\t\t<a class=\"elementor-button elementor-button-link elementor-size-sm\" href=\"https:\/\/www.laboratorios.galimplant.com\/#mapalaboratorios\">\n\t\t\t\t\t\t<span class=\"elementor-button-content-wrapper\">\n\t\t\t\t\t\t\t\t\t<span class=\"elementor-button-text\">VER OTRAS PROVINCIAS<\/span>\n\t\t\t\t\t<\/span>\n\t\t\t\t\t<\/a>\n\t\t\t\t\t\t\t\t<\/div>\n\t\t\t\t\t<\/div>\n\t\t<\/div>\n\t\t\t\t\t<\/div>\n\t\t<\/section>\n\t\t\t\t<section class=\"elementor-section elementor-top-section elementor-element elementor-element-3f590f8 elementor-section-boxed elementor-section-height-default elementor-section-height-default\" data-id=\"3f590f8\" data-element_type=\"section\">\n\t\t\t\t\t\t<div class=\"elementor-container elementor-column-gap-default\">\n\t\t\t\t\t<div class=\"elementor-column elementor-col-100 elementor-top-column elementor-element elementor-element-1f7f159\" data-id=\"1f7f159\" data-element_type=\"column\">\n\t\t\t<div class=\"elementor-widget-wrap elementor-element-populated\">\n\t\t\t\t\t\t<div class=\"elementor-element elementor-element-97f6f16 elementor-widget elementor-widget-spacer\" data-id=\"97f6f16\" data-element_type=\"widget\" data-widget_type=\"spacer.default\">\n\t\t\t\t\t\t\t<div class=\"elementor-spacer\">\n\t\t\t<div class=\"elementor-spacer-inner\"><\/div>\n\t\t<\/div>\n\t\t\t\t\t\t<\/div>\n\t\t\t\t\t<\/div>\n\t\t<\/div>\n\t\t\t\t\t<\/div>\n\t\t<\/section>\n\t\t\t\t<\/div>\n\t\t","protected":false},"excerpt":{"rendered":"<p>LABORATORIOS EN JA\u00c9N Descubre nuestra red de laboratorios en la provincia de Ja\u00e9n Laboratorio Dental Ansodent + 34 953 742 877 &#8211; \u00c1ngel Gabriel ansodent@hotmail.com Producto Importe Tiempos de fabricaci\u00f3n Corona monol\u00edtica de zirconio sobre interfase 130\u20ac (Zirconio Multicapa) 3-5 d\u00edas (Digital-Anal\u00f3gico) Corona monol\u00edtica de zirconio sobre diente 100\u20ac (Zirconio Multicapa) 3 d\u00edas. Corona metal &#8230; <a title=\"Ja\u00e9n\" class=\"read-more\" href=\"https:\/\/www.laboratorios.galimplant.com\/index.php\/jaen\/\" aria-label=\"Leer m\u00e1s sobre Ja\u00e9n\">Leer m\u00e1s<\/a><\/p>\n","protected":false},"author":1,"featured_media":0,"parent":0,"menu_order":0,"comment_status":"closed","ping_status":"closed","template":"elementor_header_footer","meta":{"footnotes":""},"class_list":["post-1762","page","type-page","status-publish"],"_links":{"self":[{"href":"https:\/\/www.laboratorios.galimplant.com\/index.php\/wp-json\/wp\/v2\/pages\/1762","targetHints":{"allow":["GET"]}}],"collection":[{"href":"https:\/\/www.laboratorios.galimplant.com\/index.php\/wp-json\/wp\/v2\/pages"}],"about":[{"href":"https:\/\/www.laboratorios.galimplant.com\/index.php\/wp-json\/wp\/v2\/types\/page"}],"author":[{"embeddable":true,"href":"https:\/\/www.laboratorios.galimplant.com\/index.php\/wp-json\/wp\/v2\/users\/1"}],"replies":[{"embeddable":true,"href":"https:\/\/www.laboratorios.galimplant.com\/index.php\/wp-json\/wp\/v2\/comments?post=1762"}],"version-history":[{"count":7,"href":"https:\/\/www.laboratorios.galimplant.com\/index.php\/wp-json\/wp\/v2\/pages\/1762\/revisions"}],"predecessor-version":[{"id":1783,"href":"https:\/\/www.laboratorios.galimplant.com\/index.php\/wp-json\/wp\/v2\/pages\/1762\/revisions\/1783"}],"wp:attachment":[{"href":"https:\/\/www.laboratorios.galimplant.com\/index.php\/wp-json\/wp\/v2\/media?parent=1762"}],"curies":[{"name":"wp","href":"https:\/\/api.w.org\/{rel}","templated":true}]}}